{"id":243,"date":"2024-03-01T18:46:49","date_gmt":"2024-03-01T18:46:49","guid":{"rendered":"https:\/\/exploravip.com\/?page_id=243"},"modified":"2025-08-18T14:38:58","modified_gmt":"2025-08-18T14:38:58","slug":"about","status":"publish","type":"page","link":"https:\/\/exploravip.com\/ro\/about\/","title":{"rendered":"Despre"},"content":{"rendered":"<!--advertisement--><div class=\"mx-5 sm:mx-0 sm:text-3xl text-2xl font-medium title-font mb-4 text-gray-900 text-left\">\n<h2 class=\"wp-block-heading\" id=\"h-o-que-voce-quer-aprender-hoje\"><strong>Ce vrei s\u0103 \u00eenve\u021bi ast\u0103zi?<\/strong><\/h2>\n<\/div><div class=\"mx-5 sm:mx-0 prose leading-relaxed text-lg mb-5 text-left wp-paragraph\">\n<p>La Explora Vip, c\u0103ut\u0103m s\u0103 oferim divertisment, \u0219tiri, informa\u021bii \u0219i aplica\u021bii din \u00eentreaga lume, oferind sfaturi despre tot ce se \u00eent\u00e2mpl\u0103 \u00een acest univers magic de agrement \u0219i distrac\u021bie. Credem cu t\u0103rie c\u0103 \u00eembun\u0103t\u0103\u021birea continu\u0103, combinat\u0103 cu determinarea \u0219i perseveren\u021ba, sunt secretele succesului \u0219i unei vie\u021bi pline de sens. Aici, respingem ideea de \u201enoroc\u201d. Mai mult, recunoa\u0219tem importan\u021ba aplica\u021biilor \u00een diferite ni\u0219e, fie pentru rela\u021bii, s\u0103n\u0103tate, divertisment \u0219i multe altele. Misiunea noastr\u0103 este s\u0103 v\u0103 \u021binem la curent nu numai despre lumea sportului, ci \u0219i cu cele mai recente \u0219tiri \u0219i tendin\u021be \u00een aplica\u021bii care fac via\u021ba mai u\u0219oar\u0103, mai distractiv\u0103 \u0219i mai semnificativ\u0103.<\/p>\n<\/div><!--advertisement--><div class=\"mx-5 sm:mx-0 sm:text-3xl text-2xl font-medium title-font mb-4 text-gray-900 text-left\">\n<h2 class=\"wp-block-heading\" id=\"h-quem-somos\"><strong>Cine suntem noi?<\/strong><\/h2>\n<\/div><div class=\"mx-5 sm:mx-0 prose leading-relaxed text-lg mb-5 text-left wp-paragraph\">\n<p>Minuto Vip este o companie de con\u021binut \u0219i jurnalism, cu sediul \u00een Brazilia \u0219i Estonia. Misiunea noastr\u0103 este s\u0103 oferim \u00een mod constant cel mai bun con\u021binut general, indiferent unde v\u0103 afla\u021bi. Prin urmare, dorim s\u0103 fim partenerul t\u0103u \u00een c\u0103utarea divertismentului t\u0103u.<br><br><strong>Diferen\u0163ial<br><\/strong><br>Jackson Barbosa, \u0219eful departamentului de opera\u021biuni email, este responsabil pentru \u00eentreaga strategie \u0219i execu\u021bie care conecteaz\u0103 compania noastr\u0103 cu utilizatorii no\u0219tri, asigur\u00e2ndu-se c\u0103 fiecare mesaj trimis reprezint\u0103 o valoare real\u0103, fie c\u0103 este vorba de informarea, implicarea sau fidelizarea publicului nostru.<\/p>\n<\/div><!--advertisement--><div class=\"mx-5 sm:mx-0 sm:text-3xl text-2xl font-medium title-font mb-4 text-gray-900 text-left\">\n<h2 class=\"wp-block-heading\" id=\"h-nos-ajude-a-melhorar\"><strong>Ajut\u0103-ne s\u0103 ne \u00eembun\u0103t\u0103\u021bim<\/strong><\/h2>\n<\/div><div class=\"mx-5 sm:mx-0 prose leading-relaxed text-lg mb-5 text-left wp-paragraph\">\n<p>Ideile tale sunt binevenite. <a style=\" color:;\" href=\"https:\/\/exploravip.com\/ro\/contact\/\">Trimite-ne un mesaj<\/a>!<\/p>\n<\/div>","protected":false},"excerpt":{"rendered":"<p>Ce vrei s\u0103 \u00eenve\u021bi ast\u0103zi? La Explora Vip, c\u0103ut\u0103m s\u0103 oferim divertisment, \u0219tiri, informa\u021bii \u0219i aplica\u021bii din \u00eentreaga lume, oferind sfaturi despre tot ce se \u00eent\u00e2mpl\u0103 \u00een acest univers magic de agrement \u0219i distrac\u021bie. Credem cu t\u0103rie c\u0103 \u00eembun\u0103t\u0103\u021birea continu\u0103, combinat\u0103 cu determinarea \u0219i perseveren\u021ba, sunt secretele succesului \u0219i unei vie\u021bi pline de sens.\u2026 <a class=\"more-link\" href=\"https:\/\/exploravip.com\/ro\/about\/\">Continua\u021bi lectur\u0103 <span class=\"screen-reader-text\">Despre<\/span><\/a><\/p>","protected":false},"author":4,"featured_media":0,"parent":0,"menu_order":0,"comment_status":"closed","ping_status":"closed","template":"","meta":{"footnotes":""},"yoast_head":"<!-- This site is optimized with the Yoast SEO Premium plugin v18.7 (Yoast SEO v19.1) - https:\/\/yoast.com\/wordpress\/plugins\/seo\/ -->\n<title>Sobre - Explora Vip<\/title>\n<meta name=\"robots\" content=\"index, follow, max-snippet:-1, max-image-preview:large, max-video-preview:-1\" \/>\n<link rel=\"canonical\" href=\"https:\/\/exploravip.com\/ro\/about\/\" \/>\n<meta property=\"og:locale\" content=\"ro_RO\" \/>\n<meta property=\"og:type\" content=\"article\" \/>\n<meta property=\"og:title\" content=\"Sobre\" \/>\n<meta property=\"og:description\" content=\"O que voc\u00ea quer aprender hoje? Na Explora Vip, buscamos oferecer entretenimento, not\u00edcias, informa\u00e7\u00f5es e aplicativos do mundo, proporcionando dicas sobre tudo que acontece nesse universo m\u00e1gico de lazer e divers\u00e3o. Acreditamos firmemente que a melhoria cont\u00ednua, combinada com a determina\u00e7\u00e3o e a persist\u00eancia, s\u00e3o os segredos do sucesso e de uma vida com significado.&hellip; Continue reading Sobre\" \/>\n<meta property=\"og:url\" content=\"https:\/\/exploravip.com\/ro\/about\/\" \/>\n<meta property=\"og:site_name\" content=\"Explora Vip\" \/>\n<meta property=\"article:modified_time\" content=\"2025-08-18T14:38:58+00:00\" \/>\n<meta name=\"twitter:card\" content=\"summary_large_image\" \/>\n<meta name=\"twitter:label1\" content=\"Est. reading time\" \/>\n\t<meta name=\"twitter:data1\" content=\"1 minut\" \/>\n<script type=\"application\/ld+json\" class=\"yoast-schema-graph\">{\"@context\":\"https:\/\/schema.org\",\"@graph\":[{\"@type\":\"WebSite\",\"@id\":\"https:\/\/exploravip.com\/#website\",\"url\":\"https:\/\/exploravip.com\/\",\"name\":\"Explora Vip\",\"description\":\"\",\"potentialAction\":[{\"@type\":\"SearchAction\",\"target\":{\"@type\":\"EntryPoint\",\"urlTemplate\":\"https:\/\/exploravip.com\/?s={search_term_string}\"},\"query-input\":\"required name=search_term_string\"}],\"inLanguage\":\"ro-RO\"},{\"@type\":\"WebPage\",\"@id\":\"https:\/\/exploravip.com\/about\/#webpage\",\"url\":\"https:\/\/exploravip.com\/about\/\",\"name\":\"Sobre - Explora Vip\",\"isPartOf\":{\"@id\":\"https:\/\/exploravip.com\/#website\"},\"datePublished\":\"2024-03-01T18:46:49+00:00\",\"dateModified\":\"2025-08-18T14:38:58+00:00\",\"breadcrumb\":{\"@id\":\"https:\/\/exploravip.com\/about\/#breadcrumb\"},\"inLanguage\":\"ro-RO\",\"potentialAction\":[{\"@type\":\"ReadAction\",\"target\":[\"https:\/\/exploravip.com\/about\/\"]}]},{\"@type\":\"BreadcrumbList\",\"@id\":\"https:\/\/exploravip.com\/about\/#breadcrumb\",\"itemListElement\":[{\"@type\":\"ListItem\",\"position\":1,\"name\":\"Home\",\"item\":\"https:\/\/exploravip.com\/\"},{\"@type\":\"ListItem\",\"position\":2,\"name\":\"Sobre\"}]}]}<\/script>\n<!-- \/ Yoast SEO Premium plugin. -->","yoast_head_json":{"title":"Sobre - Explora Vip","robots":{"index":"index","follow":"follow","max-snippet":"max-snippet:-1","max-image-preview":"max-image-preview:large","max-video-preview":"max-video-preview:-1"},"canonical":"https:\/\/exploravip.com\/ro\/about\/","og_locale":"ro_RO","og_type":"article","og_title":"Sobre","og_description":"O que voc\u00ea quer aprender hoje? Na Explora Vip, buscamos oferecer entretenimento, not\u00edcias, informa\u00e7\u00f5es e aplicativos do mundo, proporcionando dicas sobre tudo que acontece nesse universo m\u00e1gico de lazer e divers\u00e3o. Acreditamos firmemente que a melhoria cont\u00ednua, combinada com a determina\u00e7\u00e3o e a persist\u00eancia, s\u00e3o os segredos do sucesso e de uma vida com significado.&hellip; Continue reading Sobre","og_url":"https:\/\/exploravip.com\/ro\/about\/","og_site_name":"Explora Vip","article_modified_time":"2025-08-18T14:38:58+00:00","twitter_card":"summary_large_image","twitter_misc":{"Est. reading time":"1 minut"},"schema":{"@context":"https:\/\/schema.org","@graph":[{"@type":"WebSite","@id":"https:\/\/exploravip.com\/#website","url":"https:\/\/exploravip.com\/","name":"Explora Vip","description":"","potentialAction":[{"@type":"SearchAction","target":{"@type":"EntryPoint","urlTemplate":"https:\/\/exploravip.com\/?s={search_term_string}"},"query-input":"required name=search_term_string"}],"inLanguage":"ro-RO"},{"@type":"WebPage","@id":"https:\/\/exploravip.com\/about\/#webpage","url":"https:\/\/exploravip.com\/about\/","name":"Sobre - Explora Vip","isPartOf":{"@id":"https:\/\/exploravip.com\/#website"},"datePublished":"2024-03-01T18:46:49+00:00","dateModified":"2025-08-18T14:38:58+00:00","breadcrumb":{"@id":"https:\/\/exploravip.com\/about\/#breadcrumb"},"inLanguage":"ro-RO","potentialAction":[{"@type":"ReadAction","target":["https:\/\/exploravip.com\/about\/"]}]},{"@type":"BreadcrumbList","@id":"https:\/\/exploravip.com\/about\/#breadcrumb","itemListElement":[{"@type":"ListItem","position":1,"name":"Home","item":"https:\/\/exploravip.com\/"},{"@type":"ListItem","position":2,"name":"Sobre"}]}]}},"_links":{"self":[{"href":"https:\/\/exploravip.com\/ro\/wp-json\/wp\/v2\/pages\/243"}],"collection":[{"href":"https:\/\/exploravip.com\/ro\/wp-json\/wp\/v2\/pages"}],"about":[{"href":"https:\/\/exploravip.com\/ro\/wp-json\/wp\/v2\/types\/page"}],"author":[{"embeddable":true,"href":"https:\/\/exploravip.com\/ro\/wp-json\/wp\/v2\/users\/4"}],"replies":[{"embeddable":true,"href":"https:\/\/exploravip.com\/ro\/wp-json\/wp\/v2\/comments?post=243"}],"version-history":[{"count":0,"href":"https:\/\/exploravip.com\/ro\/wp-json\/wp\/v2\/pages\/243\/revisions"}],"wp:attachment":[{"href":"https:\/\/exploravip.com\/ro\/wp-json\/wp\/v2\/media?parent=243"}],"curies":[{"name":"wp","href":"https:\/\/api.w.org\/{rel}","templated":true}]}}