{"id":243,"date":"2024-03-01T18:46:49","date_gmt":"2024-03-01T18:46:49","guid":{"rendered":"https:\/\/exploravip.com\/?page_id=243"},"modified":"2025-08-18T14:38:58","modified_gmt":"2025-08-18T14:38:58","slug":"about","status":"publish","type":"page","link":"https:\/\/exploravip.com\/pl\/about\/","title":{"rendered":"NA"},"content":{"rendered":"<!--advertisement--><div class=\"mx-5 sm:mx-0 sm:text-3xl text-2xl font-medium title-font mb-4 text-gray-900 text-left\">\n<h2 class=\"wp-block-heading\" id=\"h-o-que-voce-quer-aprender-hoje\"><strong>Czego chcesz si\u0119 dzi\u015b nauczy\u0107?<\/strong><\/h2>\n<\/div><div class=\"mx-5 sm:mx-0 prose leading-relaxed text-lg mb-5 text-left wp-paragraph\">\n<p>W Explora Vip d\u0105\u017cymy do oferowania rozrywki, wiadomo\u015bci, informacji i aplikacji z ca\u0142ego \u015bwiata, dostarczaj\u0105c wskaz\u00f3wek na temat wszystkiego, co dzieje si\u0119 w tym magicznym wszech\u015bwiecie wypoczynku i zabawy. G\u0142\u0119boko wierzymy, \u017ce ci\u0105g\u0142e doskonalenie, w po\u0142\u0105czeniu z determinacj\u0105 i wytrwa\u0142o\u015bci\u0105, to sekret sukcesu i sensownego \u017cycia. W tym obszarze odrzucamy ide\u0119 \u201eszcz\u0119\u015bcia\u201d. Co wi\u0119cej, dostrzegamy znaczenie aplikacji w r\u00f3\u017cnych niszach, czy to w relacjach, zdrowiu, rozrywce i wielu innych. Nasz\u0105 misj\u0105 jest informowanie Ci\u0119 na bie\u017c\u0105co nie tylko ze \u015bwiatem sportu, ale tak\u017ce o najnowszych wiadomo\u015bciach i trendach w aplikacjach, kt\u00f3re u\u0142atwiaj\u0105, uprzyjemniaj\u0105 i nadaj\u0105 sens \u017cyciu.<\/p>\n<\/div><!--advertisement--><div class=\"mx-5 sm:mx-0 sm:text-3xl text-2xl font-medium title-font mb-4 text-gray-900 text-left\">\n<h2 class=\"wp-block-heading\" id=\"h-quem-somos\"><strong>Kim jeste\u015bmy?<\/strong><\/h2>\n<\/div><div class=\"mx-5 sm:mx-0 prose leading-relaxed text-lg mb-5 text-left wp-paragraph\">\n<p>Minuto Vip to firma zajmuj\u0105ca si\u0119 tre\u015bciami i dziennikarstwem z siedzib\u0105 w Brazylii i Estonii. Nasz\u0105 misj\u0105 jest konsekwentne dostarczanie najlepszych tre\u015bci, niezale\u017cnie od tego, gdzie si\u0119 znajdujesz. Chcemy by\u0107 Twoim partnerem w poszukiwaniu rozrywki.<br><br><strong>R\u00f3\u017cnicowy<br><\/strong><br>Jackson Barbosa, Dyrektor ds. Operacji E-mailowych, odpowiada za ca\u0142o\u015b\u0107 strategii i realizacji, kt\u00f3re \u0142\u0105cz\u0105 nasz\u0105 firm\u0119 z u\u017cytkownikami, dbaj\u0105c o to, aby ka\u017cda wys\u0142ana wiadomo\u015b\u0107 stanowi\u0142a rzeczywist\u0105 warto\u015b\u0107, niezale\u017cnie od tego, czy ma na celu informowanie, anga\u017cowanie czy utrzymywanie naszych odbiorc\u00f3w.<\/p>\n<\/div><!--advertisement--><div class=\"mx-5 sm:mx-0 sm:text-3xl text-2xl font-medium title-font mb-4 text-gray-900 text-left\">\n<h2 class=\"wp-block-heading\" id=\"h-nos-ajude-a-melhorar\"><strong>Pom\u00f3\u017c nam si\u0119 doskonali\u0107.<\/strong><\/h2>\n<\/div><div class=\"mx-5 sm:mx-0 prose leading-relaxed text-lg mb-5 text-left wp-paragraph\">\n<p>Poniewa\u017c Twoje pomys\u0142y s\u0105 mile widziane. <a style=\" color:;\" href=\"https:\/\/exploravip.com\/pl\/contact\/\">Wy\u015blij nam wiadomo\u015b\u0107<\/a>!<\/p>\n<\/div>","protected":false},"excerpt":{"rendered":"<p>Czego chcesz si\u0119 dzi\u015b nauczy\u0107? W Explora Vip d\u0105\u017cymy do oferowania rozrywki, wiadomo\u015bci, informacji i aplikacji z ca\u0142ego \u015bwiata, udzielaj\u0105c wskaz\u00f3wek na temat wszystkiego, co dzieje si\u0119 w tym magicznym wszech\u015bwiecie wypoczynku i zabawy. G\u0142\u0119boko wierzymy, \u017ce ci\u0105g\u0142e doskonalenie, w po\u0142\u0105czeniu z determinacj\u0105 i wytrwa\u0142o\u015bci\u0105, to sekret sukcesu i sensownego \u017cycia. <a class=\"more-link\" href=\"https:\/\/exploravip.com\/pl\/about\/\">Czytaj dalej <span class=\"screen-reader-text\">NA<\/span><\/a><\/p>","protected":false},"author":4,"featured_media":0,"parent":0,"menu_order":0,"comment_status":"closed","ping_status":"closed","template":"","meta":{"footnotes":""},"yoast_head":"<!-- This site is optimized with the Yoast SEO Premium plugin v18.7 (Yoast SEO v19.1) - https:\/\/yoast.com\/wordpress\/plugins\/seo\/ -->\n<title>Sobre - Explora Vip<\/title>\n<meta name=\"robots\" content=\"index, follow, max-snippet:-1, max-image-preview:large, max-video-preview:-1\" \/>\n<link rel=\"canonical\" href=\"https:\/\/exploravip.com\/pl\/about\/\" \/>\n<meta property=\"og:locale\" content=\"pl_PL\" \/>\n<meta property=\"og:type\" content=\"article\" \/>\n<meta property=\"og:title\" content=\"Sobre\" \/>\n<meta property=\"og:description\" content=\"O que voc\u00ea quer aprender hoje? Na Explora Vip, buscamos oferecer entretenimento, not\u00edcias, informa\u00e7\u00f5es e aplicativos do mundo, proporcionando dicas sobre tudo que acontece nesse universo m\u00e1gico de lazer e divers\u00e3o. Acreditamos firmemente que a melhoria cont\u00ednua, combinada com a determina\u00e7\u00e3o e a persist\u00eancia, s\u00e3o os segredos do sucesso e de uma vida com significado.&hellip; Continue reading Sobre\" \/>\n<meta property=\"og:url\" content=\"https:\/\/exploravip.com\/pl\/about\/\" \/>\n<meta property=\"og:site_name\" content=\"Explora Vip\" \/>\n<meta property=\"article:modified_time\" content=\"2025-08-18T14:38:58+00:00\" \/>\n<meta name=\"twitter:card\" content=\"summary_large_image\" \/>\n<meta name=\"twitter:label1\" content=\"Est. reading time\" \/>\n\t<meta name=\"twitter:data1\" content=\"1 minuta\" \/>\n<script type=\"application\/ld+json\" class=\"yoast-schema-graph\">{\"@context\":\"https:\/\/schema.org\",\"@graph\":[{\"@type\":\"WebSite\",\"@id\":\"https:\/\/exploravip.com\/#website\",\"url\":\"https:\/\/exploravip.com\/\",\"name\":\"Explora Vip\",\"description\":\"\",\"potentialAction\":[{\"@type\":\"SearchAction\",\"target\":{\"@type\":\"EntryPoint\",\"urlTemplate\":\"https:\/\/exploravip.com\/?s={search_term_string}\"},\"query-input\":\"required name=search_term_string\"}],\"inLanguage\":\"pl-PL\"},{\"@type\":\"WebPage\",\"@id\":\"https:\/\/exploravip.com\/about\/#webpage\",\"url\":\"https:\/\/exploravip.com\/about\/\",\"name\":\"Sobre - Explora Vip\",\"isPartOf\":{\"@id\":\"https:\/\/exploravip.com\/#website\"},\"datePublished\":\"2024-03-01T18:46:49+00:00\",\"dateModified\":\"2025-08-18T14:38:58+00:00\",\"breadcrumb\":{\"@id\":\"https:\/\/exploravip.com\/about\/#breadcrumb\"},\"inLanguage\":\"pl-PL\",\"potentialAction\":[{\"@type\":\"ReadAction\",\"target\":[\"https:\/\/exploravip.com\/about\/\"]}]},{\"@type\":\"BreadcrumbList\",\"@id\":\"https:\/\/exploravip.com\/about\/#breadcrumb\",\"itemListElement\":[{\"@type\":\"ListItem\",\"position\":1,\"name\":\"Home\",\"item\":\"https:\/\/exploravip.com\/\"},{\"@type\":\"ListItem\",\"position\":2,\"name\":\"Sobre\"}]}]}<\/script>\n<!-- \/ Yoast SEO Premium plugin. -->","yoast_head_json":{"title":"Sobre - Explora Vip","robots":{"index":"index","follow":"follow","max-snippet":"max-snippet:-1","max-image-preview":"max-image-preview:large","max-video-preview":"max-video-preview:-1"},"canonical":"https:\/\/exploravip.com\/pl\/about\/","og_locale":"pl_PL","og_type":"article","og_title":"Sobre","og_description":"O que voc\u00ea quer aprender hoje? Na Explora Vip, buscamos oferecer entretenimento, not\u00edcias, informa\u00e7\u00f5es e aplicativos do mundo, proporcionando dicas sobre tudo que acontece nesse universo m\u00e1gico de lazer e divers\u00e3o. Acreditamos firmemente que a melhoria cont\u00ednua, combinada com a determina\u00e7\u00e3o e a persist\u00eancia, s\u00e3o os segredos do sucesso e de uma vida com significado.&hellip; Continue reading Sobre","og_url":"https:\/\/exploravip.com\/pl\/about\/","og_site_name":"Explora Vip","article_modified_time":"2025-08-18T14:38:58+00:00","twitter_card":"summary_large_image","twitter_misc":{"Est. reading time":"1 minuta"},"schema":{"@context":"https:\/\/schema.org","@graph":[{"@type":"WebSite","@id":"https:\/\/exploravip.com\/#website","url":"https:\/\/exploravip.com\/","name":"Explora Vip","description":"","potentialAction":[{"@type":"SearchAction","target":{"@type":"EntryPoint","urlTemplate":"https:\/\/exploravip.com\/?s={search_term_string}"},"query-input":"required name=search_term_string"}],"inLanguage":"pl-PL"},{"@type":"WebPage","@id":"https:\/\/exploravip.com\/about\/#webpage","url":"https:\/\/exploravip.com\/about\/","name":"Sobre - Explora Vip","isPartOf":{"@id":"https:\/\/exploravip.com\/#website"},"datePublished":"2024-03-01T18:46:49+00:00","dateModified":"2025-08-18T14:38:58+00:00","breadcrumb":{"@id":"https:\/\/exploravip.com\/about\/#breadcrumb"},"inLanguage":"pl-PL","potentialAction":[{"@type":"ReadAction","target":["https:\/\/exploravip.com\/about\/"]}]},{"@type":"BreadcrumbList","@id":"https:\/\/exploravip.com\/about\/#breadcrumb","itemListElement":[{"@type":"ListItem","position":1,"name":"Home","item":"https:\/\/exploravip.com\/"},{"@type":"ListItem","position":2,"name":"Sobre"}]}]}},"_links":{"self":[{"href":"https:\/\/exploravip.com\/pl\/wp-json\/wp\/v2\/pages\/243"}],"collection":[{"href":"https:\/\/exploravip.com\/pl\/wp-json\/wp\/v2\/pages"}],"about":[{"href":"https:\/\/exploravip.com\/pl\/wp-json\/wp\/v2\/types\/page"}],"author":[{"embeddable":true,"href":"https:\/\/exploravip.com\/pl\/wp-json\/wp\/v2\/users\/4"}],"replies":[{"embeddable":true,"href":"https:\/\/exploravip.com\/pl\/wp-json\/wp\/v2\/comments?post=243"}],"version-history":[{"count":0,"href":"https:\/\/exploravip.com\/pl\/wp-json\/wp\/v2\/pages\/243\/revisions"}],"wp:attachment":[{"href":"https:\/\/exploravip.com\/pl\/wp-json\/wp\/v2\/media?parent=243"}],"curies":[{"name":"wp","href":"https:\/\/api.w.org\/{rel}","templated":true}]}}