{"id":240,"date":"2024-03-01T18:40:18","date_gmt":"2024-03-01T18:40:18","guid":{"rendered":"https:\/\/exploravip.com\/?page_id=240"},"modified":"2024-05-07T00:26:55","modified_gmt":"2024-05-07T00:26:55","slug":"terms","status":"publish","type":"page","link":"https:\/\/exploravip.com\/pl\/terms\/","title":{"rendered":"Og\u00f3lne warunki korzystania"},"content":{"rendered":"<!--advertisement--><div class=\"mx-5 sm:mx-0 sm:text-3xl text-2xl font-medium title-font mb-4 text-gray-900 text-left\">\n<h2 class=\"wp-block-heading\" id=\"h-explora-vip\">Odkryj VIP<\/h2>\n<\/div><div class=\"mx-5 sm:mx-0 prose leading-relaxed text-lg mb-5 text-left wp-paragraph\">\n<p>Minuto Vip O\u00dc, esto\u0144ska sp\u00f3\u0142ka z ograniczon\u0105 odpowiedzialno\u015bci\u0105 (LLC, znana r\u00f3wnie\u017c jako MINUTO VIP O\u00dc), zarejestrowana pod numerem 16698741, z siedzib\u0105 w Tallinie, przy ulicy Rotermanni tn 14-32, kod pocztowy 10111, Harju, Estonia, jest tw\u00f3rc\u0105, w\u0142a\u015bcicielem i administratorem witryny Explora VIP, dost\u0119pnej za po\u015brednictwem domeny exploravip.com.<\/p>\n<\/div><div class=\"mx-5 sm:mx-0 prose leading-relaxed text-lg mb-5 text-left wp-paragraph\">\n<p>Kiedy w niniejszym dokumencie u\u017cywamy s\u0142\u00f3w \u201emy\u201d, \u201enasz\u201d lub \u201enas samych\u201d, odnosimy si\u0119 bezpo\u015brednio do Explora VIP. Portal oferuje szerok\u0105 gam\u0119 informacji, us\u0142ug i tre\u015bci, kt\u00f3re podlegaj\u0105 pe\u0142nej akceptacji warunk\u00f3w, zasad i polityk okre\u015blonych w niniejszym dokumencie.<\/p>\n<\/div><div class=\"mx-5 sm:mx-0 prose leading-relaxed text-lg mb-5 text-left wp-paragraph\">\n<p>Explora VIP wyr\u00f3\u017cnia si\u0119 jako platforma przeznaczona do tworzenia tre\u015bci informacyjnych i analiz na temat r\u00f3\u017cnorodnych produkt\u00f3w i us\u0142ug (w tym aplikacji) od lokalnych i mi\u0119dzynarodowych dostawc\u00f3w.<\/p>\n<\/div><div class=\"mx-5 sm:mx-0 prose leading-relaxed text-lg mb-5 text-left wp-paragraph\">\n<p>Korzystanie z tej witryny musi odbywa\u0107 si\u0119 zgodnie z Warunkami korzystania przedstawionymi tutaj oraz Polityk\u0105 prywatno\u015bci Explora VIP dost\u0119pn\u0105 pod adresem [link do Polityki prywatno\u015bci]. <a style=\" color:;\" href=\"https:\/\/exploravip.com\/pl\/privacy\/\">https:\/\/exploravip.com\/privacy\/<\/a>zgodnie z obowi\u0105zuj\u0105cymi przepisami.<\/p>\n<\/div><div class=\"mx-5 sm:mx-0 prose leading-relaxed text-lg mb-5 text-left wp-paragraph\">\n<p>W zwi\u0105zku z tym Og\u00f3lne Warunki Korzystania maj\u0105 na celu okre\u015blenie obowi\u0105zk\u00f3w, odpowiedzialno\u015bci i praw wszystkich u\u017cytkownik\u00f3w, kt\u00f3rzy uzyskuj\u0105 dost\u0119p do witryny Explora VIP i\/lub z niej korzystaj\u0105, co zostanie szczeg\u00f3\u0142owo opisane poni\u017cej.<\/p>\n<\/div><div class=\"mx-5 sm:mx-0 prose leading-relaxed text-lg mb-5 text-left wp-paragraph\">\n<p><strong>Wa\u017cne jest, aby uwa\u017cnie zapozna\u0107 si\u0119 z naszymi Warunkami Korzystania. Je\u015bli nie zgadzasz si\u0119 z kt\u00f3rymkolwiek z opisanych tu warunk\u00f3w, zalecamy niekorzystanie z us\u0142ug oferowanych przez Explora VIP.<\/strong><\/p>\n<\/div><!--advertisement--><div class=\"mx-5 sm:mx-0 sm:text-3xl text-2xl font-medium title-font mb-4 text-gray-900 text-left\">\n<h2 class=\"wp-block-heading\"><strong>1. AKCEPTACJA<\/strong><\/h2>\n<\/div><div class=\"mx-5 sm:mx-0 prose leading-relaxed text-lg mb-5 text-left wp-paragraph\">\n<p>1.1. Uzyskuj\u0105c dost\u0119p do Explora VIP, u\u017cytkownik WYRA\u017bA ZGOD\u0118 na przestrzeganie Og\u00f3lnych Warunk\u00f3w Korzystania i Regulaminu. <a style=\" color:;\" href=\"https:\/\/exploravip.com\/pl\/privacy\/\">Polityka prywatno\u015bci Explora VIP<\/a>.<\/p>\n<\/div><div class=\"mx-5 sm:mx-0 prose leading-relaxed text-lg mb-5 text-left wp-paragraph\">\n<p>1.2. Dost\u0119p do us\u0142ugi Explora VIP i\/lub korzystanie z niej przez U\u017cytkownika oznacza o\u015bwiadczenie, \u017ce U\u017cytkownik uko\u0144czy\u0142 18 lat i posiada pe\u0142n\u0105 zdolno\u015b\u0107 prawn\u0105 do akceptacji niniejszych Warunk\u00f3w Korzystania dla wszystkich cel\u00f3w prawnych.<\/p>\n<\/div><div class=\"mx-5 sm:mx-0 prose leading-relaxed text-lg mb-5 text-left wp-paragraph\">\n<p>1.3. Je\u017celi u\u017cytkownik nie spe\u0142nia powy\u017cszych kryteri\u00f3w i\/lub nie zgadza si\u0119, cho\u0107by cz\u0119\u015bciowo, z warunkami zawartymi w niniejszym dokumencie, nie powinien uzyskiwa\u0107 dost\u0119pu ani korzysta\u0107 z us\u0142ug i tre\u015bci udost\u0119pnianych przez Explora VIP, a tak\u017ce ze stron internetowych i us\u0142ug przez ni\u0105 obs\u0142ugiwanych.<\/p>\n<\/div><!--advertisement--><div class=\"mx-5 sm:mx-0 sm:text-3xl text-2xl font-medium title-font mb-4 text-gray-900 text-left\">\n<h2 class=\"wp-block-heading\"><strong>2. KONTAKT<\/strong><\/h2>\n<\/div><div class=\"mx-5 sm:mx-0 prose leading-relaxed text-lg mb-5 text-left wp-paragraph\">\n<p>2.1. U\u017cytkownik mo\u017ce skorzysta\u0107 z tej us\u0142ugi w celu wyja\u015bnienia w\u0105tpliwo\u015bci, rozwi\u0105zania problem\u00f3w, z\u0142o\u017cenia reklamacji lub uzyskania dodatkowych informacji o produktach\/us\u0142ugach oferowanych przez Explora VIP.<\/p>\n<\/div><div class=\"mx-5 sm:mx-0 prose leading-relaxed text-lg mb-5 text-left wp-paragraph\">\n<p>2.2. Kontakt mo\u017cliwy jest poprzez formularz dost\u0119pny pod adresem: <a style=\" color:;\" href=\"https:\/\/exploravip.com\/pl\/contact\/\">https:\/\/exploravip.com\/contact\/<\/a>.<\/p>\n<\/div><!--advertisement--><div class=\"mx-5 sm:mx-0 sm:text-3xl text-2xl font-medium title-font mb-4 text-gray-900 text-left\">\n<h2 class=\"wp-block-heading\"><strong>3. ODPOWIEDZIALNO\u015a\u0106 STRON<\/strong><\/h2>\n<\/div><div class=\"mx-5 sm:mx-0 prose leading-relaxed text-lg mb-5 text-left wp-paragraph\">\n<p>3.1. U\u017cytkownik zobowi\u0105zany jest do dok\u0142adnego zapoznania si\u0119 ze wszystkimi postanowieniami niniejszej Umowy oraz <a style=\" color:;\" href=\"https:\/\/exploravip.com\/pl\/privacy\/\">Polityka prywatno\u015bci<\/a>Korzystaj\u0105c z us\u0142ug i\/lub produkt\u00f3w oferowanych przez Explora VIP, w pe\u0142ni akceptujesz wszystkie postanowienia i warunki niniejszego Regulaminu.<\/p>\n<\/div><div class=\"mx-5 sm:mx-0 prose leading-relaxed text-lg mb-5 text-left wp-paragraph\">\n<p>3.2. Explora VIP udost\u0119pnia linki i\/lub przekierowuje u\u017cytkownika do innych stron internetowych, na kt\u00f3rych u\u017cytkownik mo\u017ce zamawia\u0107 us\u0142ugi i\/lub kupowa\u0107 produkty od firm zewn\u0119trznych, bez przeszk\u00f3d ze strony Explora VIP.<\/p>\n<\/div><div class=\"mx-5 sm:mx-0 prose leading-relaxed text-lg mb-5 text-left wp-paragraph\">\n<p>3.3. Je\u015bli u\u017cytkownik zostanie przekierowany na stron\u0119 internetow\u0105 firmy reklamowej, musi zapozna\u0107 si\u0119 z regulaminem korzystania z serwisu oraz polityk\u0105 prywatno\u015bci tej firmy i wyrazi\u0107 na nie zgod\u0119.<\/p>\n<\/div><div class=\"mx-5 sm:mx-0 prose leading-relaxed text-lg mb-5 text-left wp-paragraph\">\n<p>3.4. Explora VIP nie ponosi odpowiedzialno\u015bci za warunki korzystania i polityk\u0119 prywatno\u015bci reklamowanych firm, za informacje o reklamowanych us\u0142ugach\/produktach, ani za us\u0142ugi\/produkty oferowane lub zamawiane u takich firm.<\/p>\n<\/div><div class=\"mx-5 sm:mx-0 prose leading-relaxed text-lg mb-5 text-left wp-paragraph\">\n<p>3.5. Explora VIP nie ponosi odpowiedzialno\u015bci za \u017cadne z\u0142o\u015bliwe oprogramowanie, kt\u00f3re mo\u017ce uszkodzi\u0107 lub zmieni\u0107 ustawienia urz\u0105dze\u0144 u\u017cytkownik\u00f3w w wyniku przegl\u0105dania Internetu lub przesy\u0142ania danych.<\/p>\n<\/div><div class=\"mx-5 sm:mx-0 prose leading-relaxed text-lg mb-5 text-left wp-paragraph\">\n<p>3.6. Za aktualizacj\u0119 systemu operacyjnego i program\u00f3w antywirusowych odpowiadaj\u0105 wy\u0142\u0105cznie u\u017cytkownicy.<\/p>\n<\/div><div class=\"mx-5 sm:mx-0 prose leading-relaxed text-lg mb-5 text-left wp-paragraph\">\n<p>3.7. Explora VIP nie ponosi odpowiedzialno\u015bci za straty lub szkody powsta\u0142e w wyniku niew\u0142a\u015bciwego korzystania ze strony i\/lub dzia\u0142ania si\u0142y wy\u017cszej.<\/p>\n<\/div><div class=\"mx-5 sm:mx-0 prose leading-relaxed text-lg mb-5 text-left wp-paragraph\">\n<p>3.8. Explora VIP nie wymaga depozyt\u00f3w ani przelew\u00f3w bankowych w celu udzielenia lub zatwierdzenia produkt\u00f3w finansowych.<\/p>\n<\/div><div class=\"mx-5 sm:mx-0 prose leading-relaxed text-lg mb-5 text-left wp-paragraph\">\n<p>3.9. Explora VIP nie wysy\u0142a wiadomo\u015bci e-mail z pro\u015bb\u0105 o potwierdzenie danych lub rejestracji zawieraj\u0105cych pliki wykonywalne lub linki do pobrania. W przypadku otrzymania podejrzanej wiadomo\u015bci prosimy o powiadomienie nas za po\u015brednictwem formularza kontaktowego dost\u0119pnego na stronie internetowej.<\/p>\n<\/div><div class=\"mx-5 sm:mx-0 prose leading-relaxed text-lg mb-5 text-left wp-paragraph\">\n<p>3.10. Obowi\u0105zki u\u017cytkownika obejmuj\u0105: nienaruszalno\u015b\u0107 praw os\u00f3b trzecich; nieu\u017cywanie Explora VIP do dzia\u0142a\u0144 niezgodnych z prawem lub niew\u0142a\u015bciwych; przestrzeganie Regulaminu i Polityki Prywatno\u015bci, a tak\u017ce obowi\u0105zuj\u0105cych przepis\u00f3w prawa.<\/p>\n<\/div><!--advertisement--><div class=\"mx-5 sm:mx-0 sm:text-3xl text-2xl font-medium title-font mb-4 text-gray-900 text-left\">\n<h2 class=\"wp-block-heading\"><strong data-sider-select-id=\"7409b37e-e2f1-4d7d-a546-aadaf5f2c814\">4. Z<\/strong><strong>WARUNKI U\u017bYTKOWANIA I OGRANICZENIA<\/strong><strong data-sider-select-id=\"7409b37e-e2f1-4d7d-a546-aadaf5f2c814\"> <\/strong><\/h2>\n<\/div><div class=\"mx-5 sm:mx-0 prose leading-relaxed text-lg mb-5 text-left wp-paragraph\">\n<p>Explora VIP ustala nast\u0119puj\u0105ce zasady korzystania i ograniczenia dotycz\u0105ce dost\u0119pu do swoich us\u0142ug i tre\u015bci oraz korzystania z nich:<\/p>\n<\/div><div class=\"mx-5 sm:mx-0 prose text-left mb-5\">\n<ol><div class=\"mx-5 sm:mx-0 prose text-left mb-5\">\n<li>Korzystanie z us\u0142ug Explora VIP w celach niezgodnych z prawem lub w celu promowania dzia\u0142a\u0144 niezgodnych z prawem jest zabronione.<\/li>\n<\/div>\n\n<div class=\"mx-5 sm:mx-0 prose text-left mb-5\">\n<li>U\u017cytkownicy musz\u0105 przestrzega\u0107 wszystkich obowi\u0105zuj\u0105cych przepis\u00f3w i regulacji lokalnych, stanowych, federalnych, prowincjonalnych i mi\u0119dzynarodowych.<\/li>\n<\/div>\n\n<div class=\"mx-5 sm:mx-0 prose text-left mb-5\">\n<li>U\u017cytkownikom nie wolno narusza\u0107 praw w\u0142asno\u015bci intelektualnej Explora VIP ani os\u00f3b trzecich.<\/li>\n<\/div>\n\n<div class=\"mx-5 sm:mx-0 prose text-left mb-5\">\n<li>U\u017cytkownicy nie powinni dopuszcza\u0107 si\u0119 zachowa\u0144 dyskryminacyjnych, obra\u017aliwych lub wulgarnych.<\/li>\n<\/div>\n\n<div class=\"mx-5 sm:mx-0 prose text-left mb-5\">\n<li>U\u017cytkownicy nie powinni rozpowszechnia\u0107 informacji fa\u0142szywych lub wprowadzaj\u0105cych w b\u0142\u0105d.<\/li>\n<\/div>\n\n<div class=\"mx-5 sm:mx-0 prose text-left mb-5\">\n<li>U\u017cytkownikom nie wolno rozpowszechnia\u0107 wirus\u00f3w ani z\u0142o\u015bliwego oprogramowania, kt\u00f3re mog\u0142oby zak\u0142\u00f3ci\u0107 dzia\u0142anie us\u0142ug Explora VIP lub innych stron internetowych.<\/li>\n<\/div>\n\n<div class=\"mx-5 sm:mx-0 prose text-left mb-5\">\n<li>U\u017cytkownicy nie powinni zbiera\u0107 ani \u015bledzi\u0107 danych osobowych pochodz\u0105cych od os\u00f3b trzecich bez wyra\u017anej zgody.<\/li>\n<\/div>\n\n<div class=\"mx-5 sm:mx-0 prose text-left mb-5\">\n<li>U\u017cytkownicy nie powinni anga\u017cowa\u0107 si\u0119 w spam, phishing, pharming, podszywanie si\u0119 pod kogo\u015b, indeksowanie, indeksowanie ani scrapowanie.<\/li>\n<\/div>\n\n<div class=\"mx-5 sm:mx-0 prose text-left mb-5\">\n<li>U\u017cytkownikom nie wolno wykorzystywa\u0107 us\u0142ug Explora VIP do cel\u00f3w obscenicznych lub niemoralnych.<\/li>\n<\/div>\n\n<div class=\"mx-5 sm:mx-0 prose text-left mb-5\">\n<li>U\u017cytkownikom nie wolno ingerowa\u0107 w bezpiecze\u0144stwo ani obchodzi\u0107 zabezpiecze\u0144 us\u0142ug Explora VIP lub innych stron internetowych.<\/li>\n<\/div><\/ol>\n<\/div><div class=\"mx-5 sm:mx-0 prose leading-relaxed text-lg mb-5 text-left wp-paragraph\">\n<p>Explora VIP zastrzega sobie prawo do zawieszenia dost\u0119pu do swoich us\u0142ug i wszelkich powi\u0105zanych stron internetowych w przypadku naruszenia kt\u00f3regokolwiek z niniejszych ogranicze\u0144.<\/p>\n<\/div><!--advertisement--><div class=\"mx-5 sm:mx-0 sm:text-3xl text-2xl font-medium title-font mb-4 text-gray-900 text-left\">\n<h2 class=\"wp-block-heading\"><strong>5. OGRANICZENIA ODPOWIEDZIALNO\u015aCI I GWARANCJI<\/strong><\/h2>\n<\/div><div class=\"mx-5 sm:mx-0 prose leading-relaxed text-lg mb-5 text-left wp-paragraph\">\n<p>5.1. Explora VIP oferuje Us\u0142ug\u0119 \u201ew stanie, w jakim si\u0119 znajduje\u201d i \u201ew miar\u0119 dost\u0119pno\u015bci\u201d, bez gwarancji ci\u0105g\u0142o\u015bci, bezpiecze\u0144stwa ani dok\u0142adno\u015bci. Dost\u0119p do Us\u0142ugi mo\u017ce zosta\u0107 przerwany lub zako\u0144czony w dowolnym momencie bez uprzedniego powiadomienia. Explora VIP nie ponosi odpowiedzialno\u015bci za jakiekolwiek szkody wynikaj\u0105ce z korzystania z Us\u0142ugi, takie jak:<\/p>\n<\/div><div class=\"mx-5 sm:mx-0 prose text-left mb-5\">\n<ul><div class=\"mx-5 sm:mx-0 prose text-left mb-5\">\n<li>Utrata zysk\u00f3w<\/li>\n<\/div>\n\n<div class=\"mx-5 sm:mx-0 prose text-left mb-5\">\n<li>Utrata danych<\/li>\n<\/div>\n\n<div class=\"mx-5 sm:mx-0 prose text-left mb-5\">\n<li>Szkody niematerialne, takie jak utrata reputacji lub wizerunku.<\/li>\n<\/div><\/ul>\n<\/div><div class=\"mx-5 sm:mx-0 prose leading-relaxed text-lg mb-5 text-left wp-paragraph\">\n<p>Jednak w niekt\u00f3rych lokalizacjach przepisy mog\u0105 nie zezwala\u0107 firmom na zwolnienie z odpowiedzialno\u015bci za szkody po\u015brednie lub nieoczekiwane. W takich okoliczno\u015bciach odpowiedzialno\u015b\u0107 Explora VIP b\u0119dzie ograniczona do maksymalnego zakresu dozwolonego przez prawo lokalne.<\/p>\n<\/div><!--advertisement--><div class=\"mx-5 sm:mx-0 sm:text-3xl text-2xl font-medium title-font mb-4 text-gray-900 text-left\">\n<h2 class=\"wp-block-heading\"><strong>6. WA\u017bNO\u015a\u0106 I OKRES WA\u017bNO\u015aCI<\/strong><\/h2>\n<\/div><div class=\"mx-5 sm:mx-0 prose leading-relaxed text-lg mb-5 text-left wp-paragraph\">\n<p>6.1 Wszelkie dzia\u0142ania prawne lub administracyjne zwi\u0105zane z korzystaniem z us\u0142ugi Explora VIP, okre\u015blone w niniejszych Og\u00f3lnych Warunkach Korzystania lub Polityce Prywatno\u015bci, musz\u0105 zosta\u0107 podj\u0119te w terminie nie d\u0142u\u017cszym ni\u017c 90 dni. Niniejsze Og\u00f3lne Warunki Korzystania obowi\u0105zuj\u0105 przez czas nieograniczony i nieokre\u015blony.<\/p>\n<\/div><!--advertisement--><div class=\"mx-5 sm:mx-0 sm:text-3xl text-2xl font-medium title-font mb-4 text-gray-900 text-left\">\n<h2 class=\"wp-block-heading\"><strong>7.<\/strong> <strong>W sprawie ustawodawstwa i wyboru forum <\/strong><\/h2>\n<\/div><div class=\"mx-5 sm:mx-0 prose leading-relaxed text-lg mb-5 text-left wp-paragraph\">\n<p>7.1. Niniejsze Og\u00f3lne Warunki Korzystania wraz z Polityk\u0105 Prywatno\u015bci podlegaj\u0105 prawu Federacyjnej Republiki Brazylii.<\/p>\n<\/div><div class=\"mx-5 sm:mx-0 prose leading-relaxed text-lg mb-5 text-left wp-paragraph\">\n<p>7.2. W przypadku wszelkich kwestii zwi\u0105zanych z niniejszymi Warunkami i Polityk\u0105 Prywatno\u015bci, strony wyra\u017anie zgadzaj\u0105 si\u0119 i zrzekaj\u0105 si\u0119 wszelkiej innej jurysdykcji, poddaj\u0105c si\u0119 rozstrzygni\u0119ciu S\u0105du Arbitra\u017cowego Esto\u0144skiej Izby Handlowo-Przemys\u0142owej w Tallinie w Estonii w celu rozstrzygni\u0119cia wszelkich w\u0105tpliwo\u015bci lub pyta\u0144 wynikaj\u0105cych z niniejszych warunk\u00f3w u\u017cytkowania.<\/p>\n<\/div><!--advertisement--><div class=\"mx-5 sm:mx-0 sm:text-3xl text-2xl font-medium title-font mb-4 text-gray-900 text-left\">\n<h2 class=\"wp-block-heading\"><strong>8. TRE\u015a\u0106 I W\u0141ASNO\u015a\u0106 INTELEKTUALNA<\/strong><\/h2>\n<\/div><div class=\"mx-5 sm:mx-0 prose leading-relaxed text-lg mb-5 text-left wp-paragraph\">\n<p><strong>8.1. <\/strong>Zawarto\u015b\u0107 serwisu Explora VIP jest chroniona prawem autorskim i prawami w\u0142asno\u015bci intelektualnej. Wszelkie kopiowanie, modyfikowanie, dystrybucja, wy\u015bwietlanie lub tworzenie utwor\u00f3w zale\u017cnych wymaga uprzedniej zgody MINUTO VIP O\u00dc.<\/p>\n<\/div><div class=\"mx-5 sm:mx-0 prose leading-relaxed text-lg mb-5 text-left wp-paragraph\">\n<p><strong>8.2 <\/strong>MINUTO VIP O\u00dc nie ponosi odpowiedzialno\u015bci za tre\u015bci generowane przez osoby trzecie, takie jak komentarze lub posty na forach lub w mediach spo\u0142eczno\u015bciowych. Podobnie, nie ponosi odpowiedzialno\u015bci za szkody wynikaj\u0105ce z korzystania ze strony, zar\u00f3wno bezpo\u015brednie, po\u015brednie, przypadkowe, jak i wt\u00f3rne.<\/p>\n<\/div><div class=\"mx-5 sm:mx-0 prose leading-relaxed text-lg mb-5 text-left wp-paragraph\">\n<p><strong>8.3 <\/strong>MINUTO VIP zastrzega sobie prawo do usuwania tre\u015bci naruszaj\u0105cych regulamin, w szczeg\u00f3lno\u015bci tre\u015bci uznanych za nielegalne, obra\u017aliwe, znies\u0142awiaj\u0105ce lub naruszaj\u0105ce prawa os\u00f3b trzecich. Ponadto zastrzega sobie prawo do zamykania kont u\u017cytkownik\u00f3w, kt\u00f3rzy nie przestrzegaj\u0105 regulaminu.<\/p>\n<\/div><!--advertisement--><div class=\"mx-5 sm:mx-0 sm:text-3xl text-2xl font-medium title-font mb-4 text-gray-900 text-left\">\n<h2 class=\"wp-block-heading\"><strong>9. ZMIANY WARUNK\u00d3W <\/strong><\/h2>\n<\/div><div class=\"mx-5 sm:mx-0 prose leading-relaxed text-lg mb-5 text-left wp-paragraph\">\n<p>Zastrzegamy sobie prawo do modyfikacji lub zawieszenia dowolnej us\u0142ugi w dowolnym momencie, bez uprzedniego powiadomienia u\u017cytkownik\u00f3w. Aby zapozna\u0107 si\u0119 z najnowsz\u0105 wersj\u0105 niniejszych Warunk\u00f3w korzystania, u\u017cytkownicy mog\u0105 uzyska\u0107 dost\u0119p do [link do Warunk\u00f3w korzystania]. <a style=\" color:;\" href=\"https:\/\/exploravip.com\/pl\/terms\/\">https:\/\/exploravip.com\/terms\/<\/a>Zmiany te nie nak\u0142adaj\u0105 \u017cadnych zobowi\u0105za\u0144 na Explora VIP.<\/p>\n<\/div><div class=\"mx-5 sm:mx-0 prose leading-relaxed text-lg mb-5 text-left wp-paragraph\">\n<p><strong data-sider-select-id=\"e45fc63e-ef3f-4fd4-9c1c-49934ea5a85f\">Korzystaj\u0105c ze strony internetowej Explora VIP, automatycznie akceptujesz warunki korzystania okre\u015blone w niniejszym dokumencie. Je\u015bli nie zgadzasz si\u0119 z tymi warunkami, nie korzystaj ze strony internetowej.<\/strong><\/p>\n<\/div><!--advertisement--><div class=\"mx-5 sm:mx-0 sm:text-3xl text-2xl font-medium title-font mb-4 text-gray-900 text-left\">\n<h2 class=\"wp-block-heading\"><strong>10. INFORMACJE KONTAKTOWE<\/strong><\/h2>\n<\/div><div class=\"mx-5 sm:mx-0 prose leading-relaxed text-lg mb-5 text-left wp-paragraph\">\n<p>Jeste\u015bmy do Pa\u0144stwa dyspozycji w ka\u017cdej chwili. W razie pyta\u0144 lub sugestii dotycz\u0105cych naszych us\u0142ug, prosimy o kontakt z naszym zespo\u0142em obs\u0142ugi klienta. Mog\u0105 Pa\u0144stwo wys\u0142a\u0107 wiadomo\u015b\u0107 za pomoc\u0105 formularza dost\u0119pnego pod adresem [adres strony internetowej]. <a style=\" color:;\" href=\"https:\/\/exploravip.com\/pl\/contact\/\">https:\/\/exploravip.com\/contact\/<\/a>.<\/p>\n<\/div>","protected":false},"excerpt":{"rendered":"<p>Explora Vip A Minuto Vip O\u00dc, esto\u0144ska sp\u00f3\u0142ka z ograniczon\u0105 odpowiedzialno\u015bci\u0105 (LLC, znana r\u00f3wnie\u017c jako MINUTO VIP O\u00dc), zarejestrowana pod numerem 16698741 z siedzib\u0105 w Tallinie, przy ulicy Rotermanni tn 14-32, kod pocztowy 10111, Harju, Estonia, jest tw\u00f3rc\u0105, w\u0142a\u015bcicielem i administratorem strony internetowej Explora VIP, dost\u0119pnej za po\u015brednictwem domeny exploravip.com. Kiedy u\u017cywamy s\u0142\u00f3w \u201emy\u201d, \u201enasz\u201d\u2026 <a class=\"more-link\" href=\"https:\/\/exploravip.com\/pl\/terms\/\">Czytaj dalej <span class=\"screen-reader-text\">Og\u00f3lne warunki korzystania<\/span><\/a><\/p>","protected":false},"author":4,"featured_media":0,"parent":0,"menu_order":0,"comment_status":"closed","ping_status":"closed","template":"","meta":{"footnotes":""},"yoast_head":"<!-- This site is optimized with the Yoast SEO Premium plugin v18.7 (Yoast SEO v19.1) - https:\/\/yoast.com\/wordpress\/plugins\/seo\/ -->\n<title>Termos e Condi\u00e7\u00f5es Gerais de Uso - Explora Vip<\/title>\n<meta name=\"robots\" content=\"index, follow, max-snippet:-1, max-image-preview:large, max-video-preview:-1\" \/>\n<link rel=\"canonical\" href=\"https:\/\/exploravip.com\/pl\/terms\/\" \/>\n<meta property=\"og:locale\" content=\"pl_PL\" \/>\n<meta property=\"og:type\" content=\"article\" \/>\n<meta property=\"og:title\" content=\"Termos e Condi\u00e7\u00f5es Gerais de Uso\" \/>\n<meta property=\"og:description\" content=\"Explora Vip A Minuto Vip O\u00dc, uma empresa de responsabilidade limitada estoniana (LLC, tamb\u00e9m conhecida como MINUTO VIP O\u00dc), registrada sob o n\u00famero 16698741 e sediada em Tallinn, na Rua Rotermanni tn 14-32, CEP 10111, Harju, Est\u00f4nia, \u00e9 a criadora, propriet\u00e1ria e mantenedora do site Explora VIP, acess\u00edvel pelo dom\u00ednio exploravip.com. Ao mencionarmos &#8220;n\u00f3s&#8221;, &#8220;nosso&#8221;&hellip; Continue reading Termos e Condi\u00e7\u00f5es Gerais de Uso\" \/>\n<meta property=\"og:url\" content=\"https:\/\/exploravip.com\/pl\/terms\/\" \/>\n<meta property=\"og:site_name\" content=\"Explora Vip\" \/>\n<meta property=\"article:modified_time\" content=\"2024-05-07T00:26:55+00:00\" \/>\n<meta name=\"twitter:card\" content=\"summary_large_image\" \/>\n<meta name=\"twitter:label1\" content=\"Est. reading time\" \/>\n\t<meta name=\"twitter:data1\" content=\"8 minut\" \/>\n<script type=\"application\/ld+json\" class=\"yoast-schema-graph\">{\"@context\":\"https:\/\/schema.org\",\"@graph\":[{\"@type\":\"WebSite\",\"@id\":\"https:\/\/exploravip.com\/#website\",\"url\":\"https:\/\/exploravip.com\/\",\"name\":\"Explora Vip\",\"description\":\"\",\"potentialAction\":[{\"@type\":\"SearchAction\",\"target\":{\"@type\":\"EntryPoint\",\"urlTemplate\":\"https:\/\/exploravip.com\/?s={search_term_string}\"},\"query-input\":\"required name=search_term_string\"}],\"inLanguage\":\"pl-PL\"},{\"@type\":\"WebPage\",\"@id\":\"https:\/\/exploravip.com\/terms\/#webpage\",\"url\":\"https:\/\/exploravip.com\/terms\/\",\"name\":\"Termos e Condi\u00e7\u00f5es Gerais de Uso - Explora Vip\",\"isPartOf\":{\"@id\":\"https:\/\/exploravip.com\/#website\"},\"datePublished\":\"2024-03-01T18:40:18+00:00\",\"dateModified\":\"2024-05-07T00:26:55+00:00\",\"breadcrumb\":{\"@id\":\"https:\/\/exploravip.com\/terms\/#breadcrumb\"},\"inLanguage\":\"pl-PL\",\"potentialAction\":[{\"@type\":\"ReadAction\",\"target\":[\"https:\/\/exploravip.com\/terms\/\"]}]},{\"@type\":\"BreadcrumbList\",\"@id\":\"https:\/\/exploravip.com\/terms\/#breadcrumb\",\"itemListElement\":[{\"@type\":\"ListItem\",\"position\":1,\"name\":\"Home\",\"item\":\"https:\/\/exploravip.com\/\"},{\"@type\":\"ListItem\",\"position\":2,\"name\":\"Termos e Condi\u00e7\u00f5es Gerais de Uso\"}]}]}<\/script>\n<!-- \/ Yoast SEO Premium plugin. -->","yoast_head_json":{"title":"Termos e Condi\u00e7\u00f5es Gerais de Uso - Explora Vip","robots":{"index":"index","follow":"follow","max-snippet":"max-snippet:-1","max-image-preview":"max-image-preview:large","max-video-preview":"max-video-preview:-1"},"canonical":"https:\/\/exploravip.com\/pl\/terms\/","og_locale":"pl_PL","og_type":"article","og_title":"Termos e Condi\u00e7\u00f5es Gerais de Uso","og_description":"Explora Vip A Minuto Vip O\u00dc, uma empresa de responsabilidade limitada estoniana (LLC, tamb\u00e9m conhecida como MINUTO VIP O\u00dc), registrada sob o n\u00famero 16698741 e sediada em Tallinn, na Rua Rotermanni tn 14-32, CEP 10111, Harju, Est\u00f4nia, \u00e9 a criadora, propriet\u00e1ria e mantenedora do site Explora VIP, acess\u00edvel pelo dom\u00ednio exploravip.com. Ao mencionarmos &#8220;n\u00f3s&#8221;, &#8220;nosso&#8221;&hellip; Continue reading Termos e Condi\u00e7\u00f5es Gerais de Uso","og_url":"https:\/\/exploravip.com\/pl\/terms\/","og_site_name":"Explora Vip","article_modified_time":"2024-05-07T00:26:55+00:00","twitter_card":"summary_large_image","twitter_misc":{"Est. reading time":"8 minut"},"schema":{"@context":"https:\/\/schema.org","@graph":[{"@type":"WebSite","@id":"https:\/\/exploravip.com\/#website","url":"https:\/\/exploravip.com\/","name":"Explora Vip","description":"","potentialAction":[{"@type":"SearchAction","target":{"@type":"EntryPoint","urlTemplate":"https:\/\/exploravip.com\/?s={search_term_string}"},"query-input":"required name=search_term_string"}],"inLanguage":"pl-PL"},{"@type":"WebPage","@id":"https:\/\/exploravip.com\/terms\/#webpage","url":"https:\/\/exploravip.com\/terms\/","name":"Termos e Condi\u00e7\u00f5es Gerais de Uso - Explora Vip","isPartOf":{"@id":"https:\/\/exploravip.com\/#website"},"datePublished":"2024-03-01T18:40:18+00:00","dateModified":"2024-05-07T00:26:55+00:00","breadcrumb":{"@id":"https:\/\/exploravip.com\/terms\/#breadcrumb"},"inLanguage":"pl-PL","potentialAction":[{"@type":"ReadAction","target":["https:\/\/exploravip.com\/terms\/"]}]},{"@type":"BreadcrumbList","@id":"https:\/\/exploravip.com\/terms\/#breadcrumb","itemListElement":[{"@type":"ListItem","position":1,"name":"Home","item":"https:\/\/exploravip.com\/"},{"@type":"ListItem","position":2,"name":"Termos e Condi\u00e7\u00f5es Gerais de Uso"}]}]}},"_links":{"self":[{"href":"https:\/\/exploravip.com\/pl\/wp-json\/wp\/v2\/pages\/240"}],"collection":[{"href":"https:\/\/exploravip.com\/pl\/wp-json\/wp\/v2\/pages"}],"about":[{"href":"https:\/\/exploravip.com\/pl\/wp-json\/wp\/v2\/types\/page"}],"author":[{"embeddable":true,"href":"https:\/\/exploravip.com\/pl\/wp-json\/wp\/v2\/users\/4"}],"replies":[{"embeddable":true,"href":"https:\/\/exploravip.com\/pl\/wp-json\/wp\/v2\/comments?post=240"}],"version-history":[{"count":0,"href":"https:\/\/exploravip.com\/pl\/wp-json\/wp\/v2\/pages\/240\/revisions"}],"wp:attachment":[{"href":"https:\/\/exploravip.com\/pl\/wp-json\/wp\/v2\/media?parent=240"}],"curies":[{"name":"wp","href":"https:\/\/api.w.org\/{rel}","templated":true}]}}