{"id":243,"date":"2024-03-01T18:46:49","date_gmt":"2024-03-01T18:46:49","guid":{"rendered":"https:\/\/exploravip.com\/?page_id=243"},"modified":"2025-08-18T14:38:58","modified_gmt":"2025-08-18T14:38:58","slug":"about","status":"publish","type":"page","link":"https:\/\/exploravip.com\/it\/about\/","title":{"rendered":"SU"},"content":{"rendered":"<!--advertisement--><div class=\"mx-5 sm:mx-0 sm:text-3xl text-2xl font-medium title-font mb-4 text-gray-900 text-left\">\n<h2 class=\"wp-block-heading\" id=\"h-o-que-voce-quer-aprender-hoje\"><strong>Cosa vuoi imparare oggi?<\/strong><\/h2>\n<\/div><div class=\"mx-5 sm:mx-0 prose leading-relaxed text-lg mb-5 text-left wp-paragraph\">\n<p>Noi di Explora Vip cerchiamo di offrire intrattenimento, notizie, informazioni e applicazioni da tutto il mondo, fornendo consigli su tutto ci\u00f2 che accade in questo magico universo di svago e divertimento. Crediamo fermamente che il miglioramento continuo, combinato con determinazione e tenacia, siano i segreti del successo e di una vita piena di significato. Qui rifiutiamo l\u2019idea di \u201cfortuna\u201d. Inoltre, riconosciamo l&#039;importanza delle applicazioni in diverse nicchie, sia per le relazioni, la salute, l&#039;intrattenimento e molto altro. La nostra missione \u00e8 tenerti aggiornato non solo sul mondo dello sport, ma anche sulle ultime novit\u00e0 e tendenze delle app che rendono la vita pi\u00f9 facile, pi\u00f9 divertente e pi\u00f9 significativa.<\/p>\n<\/div><!--advertisement--><div class=\"mx-5 sm:mx-0 sm:text-3xl text-2xl font-medium title-font mb-4 text-gray-900 text-left\">\n<h2 class=\"wp-block-heading\" id=\"h-quem-somos\"><strong>Chi siamo?<\/strong><\/h2>\n<\/div><div class=\"mx-5 sm:mx-0 prose leading-relaxed text-lg mb-5 text-left wp-paragraph\">\n<p>Minuto Vip \u00e8 una societ\u00e0 di contenuti e giornalismo, con sedi in Brasile ed Estonia. La nostra missione \u00e8 fornire costantemente i migliori contenuti complessivi, indipendentemente da dove ti trovi. Vogliamo quindi essere il vostro partner nella ricerca del vostro divertimento.<br><br><strong>Differenziale<br><\/strong><br>Jackson Barbosa, responsabile delle operazioni di posta elettronica, \u00e8 responsabile dell&#039;intera strategia e dell&#039;esecuzione che collega la nostra azienda ai nostri utenti, garantendo che ogni messaggio inviato rappresenti un valore reale, sia per informare, coinvolgere o fidelizzare il nostro pubblico.<\/p>\n<\/div><!--advertisement--><div class=\"mx-5 sm:mx-0 sm:text-3xl text-2xl font-medium title-font mb-4 text-gray-900 text-left\">\n<h2 class=\"wp-block-heading\" id=\"h-nos-ajude-a-melhorar\"><strong>Aiutaci a migliorare<\/strong><\/h2>\n<\/div><div class=\"mx-5 sm:mx-0 prose leading-relaxed text-lg mb-5 text-left wp-paragraph\">\n<p>Le tue idee sono molto gradite. <a style=\" color:;\" href=\"https:\/\/exploravip.com\/it\/contact\/\">Mandaci un messaggio<\/a>!<\/p>\n<\/div>","protected":false},"excerpt":{"rendered":"<p>Cosa vuoi imparare oggi? Noi di Explora Vip ci proponiamo di offrire intrattenimento, notizie, informazioni e applicazioni da tutto il mondo, fornendo consigli su tutto ci\u00f2 che accade in questo magico universo di svago e divertimento. Crediamo fermamente che il miglioramento continuo, unito a determinazione e perseveranza, siano i segreti del successo e di una vita piena di significato. <a class=\"more-link\" href=\"https:\/\/exploravip.com\/it\/about\/\">Continua a leggere <span class=\"screen-reader-text\">SU<\/span><\/a><\/p>","protected":false},"author":4,"featured_media":0,"parent":0,"menu_order":0,"comment_status":"closed","ping_status":"closed","template":"","meta":{"footnotes":""},"yoast_head":"<!-- This site is optimized with the Yoast SEO Premium plugin v18.7 (Yoast SEO v19.1) - https:\/\/yoast.com\/wordpress\/plugins\/seo\/ -->\n<title>Sobre - Explora Vip<\/title>\n<meta name=\"robots\" content=\"index, follow, max-snippet:-1, max-image-preview:large, max-video-preview:-1\" \/>\n<link rel=\"canonical\" href=\"https:\/\/exploravip.com\/it\/about\/\" \/>\n<meta property=\"og:locale\" content=\"it_IT\" \/>\n<meta property=\"og:type\" content=\"article\" \/>\n<meta property=\"og:title\" content=\"Sobre\" \/>\n<meta property=\"og:description\" content=\"O que voc\u00ea quer aprender hoje? Na Explora Vip, buscamos oferecer entretenimento, not\u00edcias, informa\u00e7\u00f5es e aplicativos do mundo, proporcionando dicas sobre tudo que acontece nesse universo m\u00e1gico de lazer e divers\u00e3o. Acreditamos firmemente que a melhoria cont\u00ednua, combinada com a determina\u00e7\u00e3o e a persist\u00eancia, s\u00e3o os segredos do sucesso e de uma vida com significado.&hellip; Continue reading Sobre\" \/>\n<meta property=\"og:url\" content=\"https:\/\/exploravip.com\/it\/about\/\" \/>\n<meta property=\"og:site_name\" content=\"Explora Vip\" \/>\n<meta property=\"article:modified_time\" content=\"2025-08-18T14:38:58+00:00\" \/>\n<meta name=\"twitter:card\" content=\"summary_large_image\" \/>\n<meta name=\"twitter:label1\" content=\"Est. reading time\" \/>\n\t<meta name=\"twitter:data1\" content=\"1 minuto\" \/>\n<script type=\"application\/ld+json\" class=\"yoast-schema-graph\">{\"@context\":\"https:\/\/schema.org\",\"@graph\":[{\"@type\":\"WebSite\",\"@id\":\"https:\/\/exploravip.com\/#website\",\"url\":\"https:\/\/exploravip.com\/\",\"name\":\"Explora Vip\",\"description\":\"\",\"potentialAction\":[{\"@type\":\"SearchAction\",\"target\":{\"@type\":\"EntryPoint\",\"urlTemplate\":\"https:\/\/exploravip.com\/?s={search_term_string}\"},\"query-input\":\"required name=search_term_string\"}],\"inLanguage\":\"it-IT\"},{\"@type\":\"WebPage\",\"@id\":\"https:\/\/exploravip.com\/about\/#webpage\",\"url\":\"https:\/\/exploravip.com\/about\/\",\"name\":\"Sobre - Explora Vip\",\"isPartOf\":{\"@id\":\"https:\/\/exploravip.com\/#website\"},\"datePublished\":\"2024-03-01T18:46:49+00:00\",\"dateModified\":\"2025-08-18T14:38:58+00:00\",\"breadcrumb\":{\"@id\":\"https:\/\/exploravip.com\/about\/#breadcrumb\"},\"inLanguage\":\"it-IT\",\"potentialAction\":[{\"@type\":\"ReadAction\",\"target\":[\"https:\/\/exploravip.com\/about\/\"]}]},{\"@type\":\"BreadcrumbList\",\"@id\":\"https:\/\/exploravip.com\/about\/#breadcrumb\",\"itemListElement\":[{\"@type\":\"ListItem\",\"position\":1,\"name\":\"Home\",\"item\":\"https:\/\/exploravip.com\/\"},{\"@type\":\"ListItem\",\"position\":2,\"name\":\"Sobre\"}]}]}<\/script>\n<!-- \/ Yoast SEO Premium plugin. -->","yoast_head_json":{"title":"Sobre - Explora Vip","robots":{"index":"index","follow":"follow","max-snippet":"max-snippet:-1","max-image-preview":"max-image-preview:large","max-video-preview":"max-video-preview:-1"},"canonical":"https:\/\/exploravip.com\/it\/about\/","og_locale":"it_IT","og_type":"article","og_title":"Sobre","og_description":"O que voc\u00ea quer aprender hoje? Na Explora Vip, buscamos oferecer entretenimento, not\u00edcias, informa\u00e7\u00f5es e aplicativos do mundo, proporcionando dicas sobre tudo que acontece nesse universo m\u00e1gico de lazer e divers\u00e3o. Acreditamos firmemente que a melhoria cont\u00ednua, combinada com a determina\u00e7\u00e3o e a persist\u00eancia, s\u00e3o os segredos do sucesso e de uma vida com significado.&hellip; Continue reading Sobre","og_url":"https:\/\/exploravip.com\/it\/about\/","og_site_name":"Explora Vip","article_modified_time":"2025-08-18T14:38:58+00:00","twitter_card":"summary_large_image","twitter_misc":{"Est. reading time":"1 minuto"},"schema":{"@context":"https:\/\/schema.org","@graph":[{"@type":"WebSite","@id":"https:\/\/exploravip.com\/#website","url":"https:\/\/exploravip.com\/","name":"Explora Vip","description":"","potentialAction":[{"@type":"SearchAction","target":{"@type":"EntryPoint","urlTemplate":"https:\/\/exploravip.com\/?s={search_term_string}"},"query-input":"required name=search_term_string"}],"inLanguage":"it-IT"},{"@type":"WebPage","@id":"https:\/\/exploravip.com\/about\/#webpage","url":"https:\/\/exploravip.com\/about\/","name":"Sobre - Explora Vip","isPartOf":{"@id":"https:\/\/exploravip.com\/#website"},"datePublished":"2024-03-01T18:46:49+00:00","dateModified":"2025-08-18T14:38:58+00:00","breadcrumb":{"@id":"https:\/\/exploravip.com\/about\/#breadcrumb"},"inLanguage":"it-IT","potentialAction":[{"@type":"ReadAction","target":["https:\/\/exploravip.com\/about\/"]}]},{"@type":"BreadcrumbList","@id":"https:\/\/exploravip.com\/about\/#breadcrumb","itemListElement":[{"@type":"ListItem","position":1,"name":"Home","item":"https:\/\/exploravip.com\/"},{"@type":"ListItem","position":2,"name":"Sobre"}]}]}},"_links":{"self":[{"href":"https:\/\/exploravip.com\/it\/wp-json\/wp\/v2\/pages\/243"}],"collection":[{"href":"https:\/\/exploravip.com\/it\/wp-json\/wp\/v2\/pages"}],"about":[{"href":"https:\/\/exploravip.com\/it\/wp-json\/wp\/v2\/types\/page"}],"author":[{"embeddable":true,"href":"https:\/\/exploravip.com\/it\/wp-json\/wp\/v2\/users\/4"}],"replies":[{"embeddable":true,"href":"https:\/\/exploravip.com\/it\/wp-json\/wp\/v2\/comments?post=243"}],"version-history":[{"count":0,"href":"https:\/\/exploravip.com\/it\/wp-json\/wp\/v2\/pages\/243\/revisions"}],"wp:attachment":[{"href":"https:\/\/exploravip.com\/it\/wp-json\/wp\/v2\/media?parent=243"}],"curies":[{"name":"wp","href":"https:\/\/api.w.org\/{rel}","templated":true}]}}