{"id":243,"date":"2024-03-01T18:46:49","date_gmt":"2024-03-01T18:46:49","guid":{"rendered":"https:\/\/exploravip.com\/?page_id=243"},"modified":"2025-08-18T14:38:58","modified_gmt":"2025-08-18T14:38:58","slug":"about","status":"publish","type":"page","link":"https:\/\/exploravip.com\/fr\/about\/","title":{"rendered":"Sur"},"content":{"rendered":"<!--advertisement--><div class=\"mx-5 sm:mx-0 sm:text-3xl text-2xl font-medium title-font mb-4 text-gray-900 text-left\">\n<h2 class=\"wp-block-heading\" id=\"h-o-que-voce-quer-aprender-hoje\"><strong>Que voulez-vous apprendre aujourd&#039;hui ?<\/strong><\/h2>\n<\/div><div class=\"mx-5 sm:mx-0 prose leading-relaxed text-lg mb-5 text-left wp-paragraph\">\n<p>Chez Explora Vip, notre objectif est d&#039;offrir du divertissement, des nouvelles, des informations et des applications du monde entier, en fournissant des conseils sur tout ce qui se passe dans cet univers magique de loisirs et de plaisir. Nous croyons fermement que l\u2019am\u00e9lioration continue, combin\u00e9e \u00e0 la d\u00e9termination et \u00e0 la pers\u00e9v\u00e9rance, sont les secrets du succ\u00e8s et d\u2019une vie pleine de sens. Ici, nous rejetons l\u2019id\u00e9e de \u00ab chance \u00bb. De plus, nous reconnaissons l\u2019importance des applications dans divers cr\u00e9neaux, que ce soit pour les relations, la sant\u00e9, le divertissement et bien plus encore. Notre mission est de vous tenir au courant non seulement du monde du sport, mais \u00e9galement des derni\u00e8res nouvelles et tendances des applications qui rendent la vie plus facile, plus amusante et plus significative.<\/p>\n<\/div><!--advertisement--><div class=\"mx-5 sm:mx-0 sm:text-3xl text-2xl font-medium title-font mb-4 text-gray-900 text-left\">\n<h2 class=\"wp-block-heading\" id=\"h-quem-somos\"><strong>Qui sommes-nous ?<\/strong><\/h2>\n<\/div><div class=\"mx-5 sm:mx-0 prose leading-relaxed text-lg mb-5 text-left wp-paragraph\">\n<p>Minuto Vip est une soci\u00e9t\u00e9 de contenu et de journalisme, dont le si\u00e8ge social est au Br\u00e9sil et en Estonie. Notre mission est de fournir syst\u00e9matiquement le meilleur contenu global, o\u00f9 que vous soyez. C&#039;est pourquoi nous souhaitons \u00eatre votre partenaire dans la recherche de votre divertissement.<br><br><strong>Diff\u00e9rentiel<br><\/strong><br>Jackson Barbosa, responsable des op\u00e9rations de messagerie, est responsable de l&#039;ensemble de la strat\u00e9gie et de l&#039;ex\u00e9cution qui relie notre entreprise \u00e0 nos utilisateurs, garantissant que chaque message envoy\u00e9 repr\u00e9sente une r\u00e9elle valeur, que ce soit pour informer, engager ou fid\u00e9liser notre public.<\/p>\n<\/div><!--advertisement--><div class=\"mx-5 sm:mx-0 sm:text-3xl text-2xl font-medium title-font mb-4 text-gray-900 text-left\">\n<h2 class=\"wp-block-heading\" id=\"h-nos-ajude-a-melhorar\"><strong>Aidez-nous \u00e0 nous am\u00e9liorer<\/strong><\/h2>\n<\/div><div class=\"mx-5 sm:mx-0 prose leading-relaxed text-lg mb-5 text-left wp-paragraph\">\n<p>Parce que vos id\u00e9es sont les bienvenues. <a style=\" color:;\" href=\"https:\/\/exploravip.com\/fr\/contact\/\">Envoyez-nous un message<\/a>!<\/p>\n<\/div>","protected":false},"excerpt":{"rendered":"<p>Que souhaitez-vous apprendre aujourd&#039;hui\u00a0? Chez Explora Vip, nous proposons du divertissement, des actualit\u00e9s, des informations et des applications du monde entier, vous offrant des conseils sur tout ce qui se passe dans cet univers magique de loisirs et de divertissement. Nous sommes convaincus que l&#039;am\u00e9lioration continue, alli\u00e9e \u00e0 la d\u00e9termination et \u00e0 la pers\u00e9v\u00e9rance, est le secret du succ\u00e8s et d&#039;une vie pleine de sens. <a class=\"more-link\" href=\"https:\/\/exploravip.com\/fr\/about\/\">Continuer \u00e0 lire <span class=\"screen-reader-text\">Sur<\/span><\/a><\/p>","protected":false},"author":4,"featured_media":0,"parent":0,"menu_order":0,"comment_status":"closed","ping_status":"closed","template":"","meta":{"footnotes":""},"yoast_head":"<!-- This site is optimized with the Yoast SEO Premium plugin v18.7 (Yoast SEO v19.1) - https:\/\/yoast.com\/wordpress\/plugins\/seo\/ -->\n<title>Sobre - Explora Vip<\/title>\n<meta name=\"robots\" content=\"index, follow, max-snippet:-1, max-image-preview:large, max-video-preview:-1\" \/>\n<link rel=\"canonical\" href=\"https:\/\/exploravip.com\/fr\/about\/\" \/>\n<meta property=\"og:locale\" content=\"fr_FR\" \/>\n<meta property=\"og:type\" content=\"article\" \/>\n<meta property=\"og:title\" content=\"Sobre\" \/>\n<meta property=\"og:description\" content=\"O que voc\u00ea quer aprender hoje? Na Explora Vip, buscamos oferecer entretenimento, not\u00edcias, informa\u00e7\u00f5es e aplicativos do mundo, proporcionando dicas sobre tudo que acontece nesse universo m\u00e1gico de lazer e divers\u00e3o. Acreditamos firmemente que a melhoria cont\u00ednua, combinada com a determina\u00e7\u00e3o e a persist\u00eancia, s\u00e3o os segredos do sucesso e de uma vida com significado.&hellip; Continue reading Sobre\" \/>\n<meta property=\"og:url\" content=\"https:\/\/exploravip.com\/fr\/about\/\" \/>\n<meta property=\"og:site_name\" content=\"Explora Vip\" \/>\n<meta property=\"article:modified_time\" content=\"2025-08-18T14:38:58+00:00\" \/>\n<meta name=\"twitter:card\" content=\"summary_large_image\" \/>\n<meta name=\"twitter:label1\" content=\"Est. reading time\" \/>\n\t<meta name=\"twitter:data1\" content=\"1 minute\" \/>\n<script type=\"application\/ld+json\" class=\"yoast-schema-graph\">{\"@context\":\"https:\/\/schema.org\",\"@graph\":[{\"@type\":\"WebSite\",\"@id\":\"https:\/\/exploravip.com\/#website\",\"url\":\"https:\/\/exploravip.com\/\",\"name\":\"Explora Vip\",\"description\":\"\",\"potentialAction\":[{\"@type\":\"SearchAction\",\"target\":{\"@type\":\"EntryPoint\",\"urlTemplate\":\"https:\/\/exploravip.com\/?s={search_term_string}\"},\"query-input\":\"required name=search_term_string\"}],\"inLanguage\":\"fr-FR\"},{\"@type\":\"WebPage\",\"@id\":\"https:\/\/exploravip.com\/about\/#webpage\",\"url\":\"https:\/\/exploravip.com\/about\/\",\"name\":\"Sobre - Explora Vip\",\"isPartOf\":{\"@id\":\"https:\/\/exploravip.com\/#website\"},\"datePublished\":\"2024-03-01T18:46:49+00:00\",\"dateModified\":\"2025-08-18T14:38:58+00:00\",\"breadcrumb\":{\"@id\":\"https:\/\/exploravip.com\/about\/#breadcrumb\"},\"inLanguage\":\"fr-FR\",\"potentialAction\":[{\"@type\":\"ReadAction\",\"target\":[\"https:\/\/exploravip.com\/about\/\"]}]},{\"@type\":\"BreadcrumbList\",\"@id\":\"https:\/\/exploravip.com\/about\/#breadcrumb\",\"itemListElement\":[{\"@type\":\"ListItem\",\"position\":1,\"name\":\"Home\",\"item\":\"https:\/\/exploravip.com\/\"},{\"@type\":\"ListItem\",\"position\":2,\"name\":\"Sobre\"}]}]}<\/script>\n<!-- \/ Yoast SEO Premium plugin. -->","yoast_head_json":{"title":"Sobre - Explora Vip","robots":{"index":"index","follow":"follow","max-snippet":"max-snippet:-1","max-image-preview":"max-image-preview:large","max-video-preview":"max-video-preview:-1"},"canonical":"https:\/\/exploravip.com\/fr\/about\/","og_locale":"fr_FR","og_type":"article","og_title":"Sobre","og_description":"O que voc\u00ea quer aprender hoje? Na Explora Vip, buscamos oferecer entretenimento, not\u00edcias, informa\u00e7\u00f5es e aplicativos do mundo, proporcionando dicas sobre tudo que acontece nesse universo m\u00e1gico de lazer e divers\u00e3o. Acreditamos firmemente que a melhoria cont\u00ednua, combinada com a determina\u00e7\u00e3o e a persist\u00eancia, s\u00e3o os segredos do sucesso e de uma vida com significado.&hellip; Continue reading Sobre","og_url":"https:\/\/exploravip.com\/fr\/about\/","og_site_name":"Explora Vip","article_modified_time":"2025-08-18T14:38:58+00:00","twitter_card":"summary_large_image","twitter_misc":{"Est. reading time":"1 minute"},"schema":{"@context":"https:\/\/schema.org","@graph":[{"@type":"WebSite","@id":"https:\/\/exploravip.com\/#website","url":"https:\/\/exploravip.com\/","name":"Explora Vip","description":"","potentialAction":[{"@type":"SearchAction","target":{"@type":"EntryPoint","urlTemplate":"https:\/\/exploravip.com\/?s={search_term_string}"},"query-input":"required name=search_term_string"}],"inLanguage":"fr-FR"},{"@type":"WebPage","@id":"https:\/\/exploravip.com\/about\/#webpage","url":"https:\/\/exploravip.com\/about\/","name":"Sobre - Explora Vip","isPartOf":{"@id":"https:\/\/exploravip.com\/#website"},"datePublished":"2024-03-01T18:46:49+00:00","dateModified":"2025-08-18T14:38:58+00:00","breadcrumb":{"@id":"https:\/\/exploravip.com\/about\/#breadcrumb"},"inLanguage":"fr-FR","potentialAction":[{"@type":"ReadAction","target":["https:\/\/exploravip.com\/about\/"]}]},{"@type":"BreadcrumbList","@id":"https:\/\/exploravip.com\/about\/#breadcrumb","itemListElement":[{"@type":"ListItem","position":1,"name":"Home","item":"https:\/\/exploravip.com\/"},{"@type":"ListItem","position":2,"name":"Sobre"}]}]}},"_links":{"self":[{"href":"https:\/\/exploravip.com\/fr\/wp-json\/wp\/v2\/pages\/243"}],"collection":[{"href":"https:\/\/exploravip.com\/fr\/wp-json\/wp\/v2\/pages"}],"about":[{"href":"https:\/\/exploravip.com\/fr\/wp-json\/wp\/v2\/types\/page"}],"author":[{"embeddable":true,"href":"https:\/\/exploravip.com\/fr\/wp-json\/wp\/v2\/users\/4"}],"replies":[{"embeddable":true,"href":"https:\/\/exploravip.com\/fr\/wp-json\/wp\/v2\/comments?post=243"}],"version-history":[{"count":0,"href":"https:\/\/exploravip.com\/fr\/wp-json\/wp\/v2\/pages\/243\/revisions"}],"wp:attachment":[{"href":"https:\/\/exploravip.com\/fr\/wp-json\/wp\/v2\/media?parent=243"}],"curies":[{"name":"wp","href":"https:\/\/api.w.org\/{rel}","templated":true}]}}