{"id":240,"date":"2024-03-01T18:40:18","date_gmt":"2024-03-01T18:40:18","guid":{"rendered":"https:\/\/exploravip.com\/?page_id=240"},"modified":"2024-05-07T00:26:55","modified_gmt":"2024-05-07T00:26:55","slug":"terms","status":"publish","type":"page","link":"https:\/\/exploravip.com\/fr\/terms\/","title":{"rendered":"Conditions g\u00e9n\u00e9rales d&#039;utilisation"},"content":{"rendered":"<!--advertisement--><div class=\"mx-5 sm:mx-0 sm:text-3xl text-2xl font-medium title-font mb-4 text-gray-900 text-left\">\n<h2 class=\"wp-block-heading\" id=\"h-explora-vip\">Explorez VIP<\/h2>\n<\/div><div class=\"mx-5 sm:mx-0 prose leading-relaxed text-lg mb-5 text-left wp-paragraph\">\n<p>Minuto Vip O\u00dc, une soci\u00e9t\u00e9 estonienne \u00e0 responsabilit\u00e9 limit\u00e9e (LLC, \u00e9galement connue sous le nom de MINUTO VIP O\u00dc), enregistr\u00e9e sous le num\u00e9ro 16698741 et dont le si\u00e8ge est \u00e0 Tallinn, au 14-32 Rotermanni Street tn, CEP 10111, Harju, Estonie, est le cr\u00e9ateur, propri\u00e9taire et responsable du site Explora VIP, accessible via le domaine exploravip.com.<\/p>\n<\/div><div class=\"mx-5 sm:mx-0 prose leading-relaxed text-lg mb-5 text-left wp-paragraph\">\n<p>Lorsque nous mentionnons \u00ab nous \u00bb, \u00ab notre \u00bb ou \u00ab nous-m\u00eames \u00bb dans ce document, nous faisons directement r\u00e9f\u00e9rence \u00e0 Explora VIP. Le portail offre une grande vari\u00e9t\u00e9 d&#039;informations, de services et de contenus, qui sont soumis \u00e0 l&#039;acceptation pleine et enti\u00e8re des termes, conditions et politiques \u00e9tablis ici.<\/p>\n<\/div><div class=\"mx-5 sm:mx-0 prose leading-relaxed text-lg mb-5 text-left wp-paragraph\">\n<p>Explora VIP se d\u00e9marque comme une plateforme d\u00e9di\u00e9e \u00e0 la production de contenu informatif et d&#039;avis sur divers produits et services (y compris, mais sans s&#039;y limiter, les applications) provenant de fournisseurs locaux et internationaux.<\/p>\n<\/div><div class=\"mx-5 sm:mx-0 prose leading-relaxed text-lg mb-5 text-left wp-paragraph\">\n<p>Il est essentiel que l&#039;utilisation de ce site Web soit conforme aux conditions d&#039;utilisation pr\u00e9sent\u00e9es ici et \u00e0 la politique de confidentialit\u00e9 d&#039;Explora VIP, disponible sur <a style=\" color:;\" href=\"https:\/\/exploravip.com\/fr\/privacy\/\">https:\/\/exploravip.com\/privacy\/<\/a>, conform\u00e9ment aux lois applicables.<\/p>\n<\/div><div class=\"mx-5 sm:mx-0 prose leading-relaxed text-lg mb-5 text-left wp-paragraph\">\n<p>Ainsi, les Conditions G\u00e9n\u00e9rales d\u2019Utilisation ont pour objectif de d\u00e9finir les responsabilit\u00e9s, devoirs et droits de tous les utilisateurs qui acc\u00e8dent et\/ou utilisent le site Explora VIP, comme cela sera d\u00e9taill\u00e9 ci-dessous.<\/p>\n<\/div><div class=\"mx-5 sm:mx-0 prose leading-relaxed text-lg mb-5 text-left wp-paragraph\">\n<p><strong>Il est important que vous lisiez attentivement nos conditions d&#039;utilisation. Si vous n&#039;\u00eates pas d&#039;accord avec l&#039;une des conditions d\u00e9crites ici, nous vous recommandons de ne pas utiliser les services offerts par Explora VIP.<\/strong><\/p>\n<\/div><!--advertisement--><div class=\"mx-5 sm:mx-0 sm:text-3xl text-2xl font-medium title-font mb-4 text-gray-900 text-left\">\n<h2 class=\"wp-block-heading\"><strong>1. ACCEPTATION<\/strong><\/h2>\n<\/div><div class=\"mx-5 sm:mx-0 prose leading-relaxed text-lg mb-5 text-left wp-paragraph\">\n<p>1.1. En acc\u00e9dant \u00e0 Explora VIP, l&#039;utilisateur ACCEPTE de respecter les Conditions G\u00e9n\u00e9rales d&#039;Utilisation et les <a style=\" color:;\" href=\"https:\/\/exploravip.com\/fr\/privacy\/\">Politique de confidentialit\u00e9 d&#039;Explora VIP<\/a>.<\/p>\n<\/div><div class=\"mx-5 sm:mx-0 prose leading-relaxed text-lg mb-5 text-left wp-paragraph\">\n<p>1.2. L&#039;acc\u00e8s et\/ou l&#039;utilisation d&#039;Explora VIP par l&#039;utilisateur implique la d\u00e9claration qu&#039;il est \u00e2g\u00e9 d&#039;au moins 18 ans et qu&#039;il poss\u00e8de la pleine et expresse capacit\u00e9 juridique pour accepter les pr\u00e9sentes Conditions G\u00e9n\u00e9rales d&#039;Utilisation \u00e0 toutes fins l\u00e9gales.<\/p>\n<\/div><div class=\"mx-5 sm:mx-0 prose leading-relaxed text-lg mb-5 text-left wp-paragraph\">\n<p>1.3. Si l&#039;utilisateur ne r\u00e9pond pas aux crit\u00e8res mentionn\u00e9s ci-dessus et\/ou est en d\u00e9saccord, m\u00eame partiellement, avec les conditions contenues dans les pr\u00e9sentes, il ne doit pas acc\u00e9der et\/ou utiliser les services et contenus mis \u00e0 disposition par Explora VIP, ainsi que les sites Internet et services exploit\u00e9s. par cela.<\/p>\n<\/div><!--advertisement--><div class=\"mx-5 sm:mx-0 sm:text-3xl text-2xl font-medium title-font mb-4 text-gray-900 text-left\">\n<h2 class=\"wp-block-heading\"><strong>2. CONTACTER<\/strong><\/h2>\n<\/div><div class=\"mx-5 sm:mx-0 prose leading-relaxed text-lg mb-5 text-left wp-paragraph\">\n<p>2.1. L&#039;utilisateur peut utiliser ce service pour clarifier des doutes, r\u00e9soudre des probl\u00e8mes, d\u00e9poser des plaintes ou obtenir plus d&#039;informations sur les produits\/services propos\u00e9s par Explora VIP.<\/p>\n<\/div><div class=\"mx-5 sm:mx-0 prose leading-relaxed text-lg mb-5 text-left wp-paragraph\">\n<p>2.2. La prise de contact peut \u00eatre effectu\u00e9e via le formulaire disponible \u00e0 l&#039;adresse suivante : <a style=\" color:;\" href=\"https:\/\/exploravip.com\/fr\/contact\/\">https:\/\/exploravip.com\/contact\/<\/a>.<\/p>\n<\/div><!--advertisement--><div class=\"mx-5 sm:mx-0 sm:text-3xl text-2xl font-medium title-font mb-4 text-gray-900 text-left\">\n<h2 class=\"wp-block-heading\"><strong>3. RESPONSABILIT\u00c9S DES PARTIES<\/strong><\/h2>\n<\/div><div class=\"mx-5 sm:mx-0 prose leading-relaxed text-lg mb-5 text-left wp-paragraph\">\n<p>3.1. L&#039;utilisateur doit lire attentivement toutes les clauses pr\u00e9sentes dans les pr\u00e9sentes Conditions et dans les <a style=\" color:;\" href=\"https:\/\/exploravip.com\/fr\/privacy\/\">politique de confidentialit\u00e9<\/a>. En utilisant les services et\/ou produits mis \u00e0 disposition par Explora VIP, vous acceptez pleinement toutes les clauses et conditions des pr\u00e9sentes Conditions.<\/p>\n<\/div><div class=\"mx-5 sm:mx-0 prose leading-relaxed text-lg mb-5 text-left wp-paragraph\">\n<p>3.2. Explora VIP fournit des liens et\/ou redirige l&#039;utilisateur vers d&#039;autres sites Web, o\u00f9 il peut louer des services et\/ou acheter des produits aupr\u00e8s de soci\u00e9t\u00e9s tierces, sans interf\u00e9rence d&#039;Explora VIP.<\/p>\n<\/div><div class=\"mx-5 sm:mx-0 prose leading-relaxed text-lg mb-5 text-left wp-paragraph\">\n<p>3.3. Si l&#039;utilisateur est redirig\u00e9 vers le site Internet d&#039;une soci\u00e9t\u00e9 publicitaire, il doit lire et accepter express\u00e9ment les conditions d&#039;utilisation et la politique de confidentialit\u00e9 de la soci\u00e9t\u00e9 en question.<\/p>\n<\/div><div class=\"mx-5 sm:mx-0 prose leading-relaxed text-lg mb-5 text-left wp-paragraph\">\n<p>3.4. Explora VIP n&#039;est pas responsable des conditions d&#039;utilisation et des politiques de confidentialit\u00e9 des soci\u00e9t\u00e9s annonc\u00e9es, des informations sur les services\/produits annonc\u00e9s, ni des services\/produits offerts ou contract\u00e9s aupr\u00e8s de ces soci\u00e9t\u00e9s.<\/p>\n<\/div><div class=\"mx-5 sm:mx-0 prose leading-relaxed text-lg mb-5 text-left wp-paragraph\">\n<p>3.5. Explora VIP n&#039;est pas responsable de tout logiciel malveillant susceptible d&#039;endommager ou de modifier les param\u00e8tres des appareils des utilisateurs \u00e0 la suite de la navigation sur Internet ou du transfert de donn\u00e9es.<\/p>\n<\/div><div class=\"mx-5 sm:mx-0 prose leading-relaxed text-lg mb-5 text-left wp-paragraph\">\n<p>3.6. La mise \u00e0 jour du syst\u00e8me d&#039;exploitation et des programmes antivirus rel\u00e8ve de la seule responsabilit\u00e9 des utilisateurs.<\/p>\n<\/div><div class=\"mx-5 sm:mx-0 prose leading-relaxed text-lg mb-5 text-left wp-paragraph\">\n<p>3.7. Explora VIP n&#039;est pas responsable des pertes ou dommages r\u00e9sultant d&#039;une utilisation inappropri\u00e9e du site Web et\/ou d&#039;\u00e9v\u00e9nements de force majeure.<\/p>\n<\/div><div class=\"mx-5 sm:mx-0 prose leading-relaxed text-lg mb-5 text-left wp-paragraph\">\n<p>3.8. Explora VIP ne fait pas de demandes de d\u00e9p\u00f4ts ou de virements bancaires pour l&#039;octroi ou l&#039;approbation de produits financiers.<\/p>\n<\/div><div class=\"mx-5 sm:mx-0 prose leading-relaxed text-lg mb-5 text-left wp-paragraph\">\n<p>3.9. Explora VIP n&#039;envoie pas d&#039;e-mails demandant la confirmation des donn\u00e9es ou des inscriptions avec des pi\u00e8ces jointes ex\u00e9cutables ou des liens de t\u00e9l\u00e9chargement. Si vous recevez un message suspect, merci de nous le signaler via le formulaire de contact disponible sur le site.<\/p>\n<\/div><div class=\"mx-5 sm:mx-0 prose leading-relaxed text-lg mb-5 text-left wp-paragraph\">\n<p>3.10. Les obligations de l&#039;utilisateur sont les suivantes : ne pas violer les droits de tiers ; ne pas utiliser Explora VIP pour des activit\u00e9s illicites ou inappropri\u00e9es\u00a0; respecter les Conditions G\u00e9n\u00e9rales et la Politique de Confidentialit\u00e9, ainsi que la l\u00e9gislation en vigueur.<\/p>\n<\/div><!--advertisement--><div class=\"mx-5 sm:mx-0 sm:text-3xl text-2xl font-medium title-font mb-4 text-gray-900 text-left\">\n<h2 class=\"wp-block-heading\"><strong data-sider-select-id=\"7409b37e-e2f1-4d7d-a546-aadaf5f2c814\">4. DA<\/strong><strong>CONDITIONS D&#039;UTILISATION ET RESTRICTIONS<\/strong><strong data-sider-select-id=\"7409b37e-e2f1-4d7d-a546-aadaf5f2c814\"> <\/strong><\/h2>\n<\/div><div class=\"mx-5 sm:mx-0 prose leading-relaxed text-lg mb-5 text-left wp-paragraph\">\n<p>Explora VIP \u00e9tablit les r\u00e8gles d&#039;utilisation et restrictions suivantes pour l&#039;acc\u00e8s et l&#039;utilisation de ses services et contenus :<\/p>\n<\/div><div class=\"mx-5 sm:mx-0 prose text-left mb-5\">\n<ol><div class=\"mx-5 sm:mx-0 prose text-left mb-5\">\n<li>L&#039;utilisation des services Explora VIP \u00e0 des fins ill\u00e9gales ou pour la promotion d&#039;activit\u00e9s illicites est interdite.<\/li>\n<\/div>\n\n<div class=\"mx-5 sm:mx-0 prose text-left mb-5\">\n<li>Les utilisateurs doivent respecter toutes les lois et r\u00e9glementations locales, \u00e9tatiques, f\u00e9d\u00e9rales, provinciales ou internationales applicables.<\/li>\n<\/div>\n\n<div class=\"mx-5 sm:mx-0 prose text-left mb-5\">\n<li>Les utilisateurs ne doivent pas violer les droits de propri\u00e9t\u00e9 intellectuelle d&#039;Explora VIP ou de tiers.<\/li>\n<\/div>\n\n<div class=\"mx-5 sm:mx-0 prose text-left mb-5\">\n<li>Les utilisateurs ne doivent pas adopter de comportement discriminatoire, abusif ou offensant.<\/li>\n<\/div>\n\n<div class=\"mx-5 sm:mx-0 prose text-left mb-5\">\n<li>Les utilisateurs ne doivent pas divulguer d&#039;informations fausses ou trompeuses.<\/li>\n<\/div>\n\n<div class=\"mx-5 sm:mx-0 prose text-left mb-5\">\n<li>Les utilisateurs ne doivent pas diffuser de virus ou de logiciels malveillants qui pourraient nuire au fonctionnement des services Explora VIP ou d&#039;autres sites Internet.<\/li>\n<\/div>\n\n<div class=\"mx-5 sm:mx-0 prose text-left mb-5\">\n<li>Les utilisateurs ne doivent pas collecter ou suivre les donn\u00e9es personnelles de tiers sans consentement explicite.<\/li>\n<\/div>\n\n<div class=\"mx-5 sm:mx-0 prose text-left mb-5\">\n<li>Les utilisateurs ne doivent pas spammer, phishing, pharm, pr\u00e9texter, spider, crawl ou scrape.<\/li>\n<\/div>\n\n<div class=\"mx-5 sm:mx-0 prose text-left mb-5\">\n<li>Les utilisateurs ne doivent pas utiliser les services Explora VIP \u00e0 des fins obsc\u00e8nes ou immorales.<\/li>\n<\/div>\n\n<div class=\"mx-5 sm:mx-0 prose text-left mb-5\">\n<li>Les utilisateurs ne doivent pas interf\u00e9rer ou contourner les mesures de s\u00e9curit\u00e9 des services Explora VIP ou d&#039;autres sites Web.<\/li>\n<\/div><\/ol>\n<\/div><div class=\"mx-5 sm:mx-0 prose leading-relaxed text-lg mb-5 text-left wp-paragraph\">\n<p>Explora VIP se r\u00e9serve le droit de suspendre l&#039;acc\u00e8s \u00e0 ses services et \u00e0 tout site Internet associ\u00e9 en cas de violation de l&#039;une de ces restrictions.<\/p>\n<\/div><!--advertisement--><div class=\"mx-5 sm:mx-0 sm:text-3xl text-2xl font-medium title-font mb-4 text-gray-900 text-left\">\n<h2 class=\"wp-block-heading\"><strong>5. LIMITATIONS DE RESPONSABILIT\u00c9 ET GARANTIES<\/strong><\/h2>\n<\/div><div class=\"mx-5 sm:mx-0 prose leading-relaxed text-lg mb-5 text-left wp-paragraph\">\n<p>5.1. Explora VIP fournit le Service \u00ab tel quel \u00bb et \u00ab tel que disponible \u00bb, sans promesses de continuit\u00e9, de s\u00e9curit\u00e9 ou d&#039;exactitude. L&#039;acc\u00e8s au Service peut \u00eatre interrompu ou r\u00e9sili\u00e9 \u00e0 tout moment et sans pr\u00e9avis. Explora VIP n&#039;est pas responsable des dommages r\u00e9sultant de l&#039;utilisation du Service, tels que :<\/p>\n<\/div><div class=\"mx-5 sm:mx-0 prose text-left mb-5\">\n<ul><div class=\"mx-5 sm:mx-0 prose text-left mb-5\">\n<li>Perte de profits<\/li>\n<\/div>\n\n<div class=\"mx-5 sm:mx-0 prose text-left mb-5\">\n<li>Perte de donn\u00e9es<\/li>\n<\/div>\n\n<div class=\"mx-5 sm:mx-0 prose text-left mb-5\">\n<li>Dommages immat\u00e9riels, tels que les impacts sur la r\u00e9putation ou l&#039;image<\/li>\n<\/div><\/ul>\n<\/div><div class=\"mx-5 sm:mx-0 prose leading-relaxed text-lg mb-5 text-left wp-paragraph\">\n<p>Cependant, dans certains pays, les lois peuvent ne pas permettre aux entreprises de s&#039;exon\u00e9rer de toute responsabilit\u00e9 en cas de dommages indirects ou inattendus. Dans ces circonstances, la responsabilit\u00e9 d&#039;Explora VIP sera limit\u00e9e dans la mesure maximale permise par la loi locale.<\/p>\n<\/div><!--advertisement--><div class=\"mx-5 sm:mx-0 sm:text-3xl text-2xl font-medium title-font mb-4 text-gray-900 text-left\">\n<h2 class=\"wp-block-heading\"><strong>6. DUR\u00c9E ET D\u00c9LAI<\/strong><\/h2>\n<\/div><div class=\"mx-5 sm:mx-0 prose leading-relaxed text-lg mb-5 text-left wp-paragraph\">\n<p>6.1 Toute action judiciaire ou administrative li\u00e9e \u00e0 l&#039;utilisation d&#039;Explora VIP, telle que d\u00e9taill\u00e9e dans les pr\u00e9sentes Conditions G\u00e9n\u00e9rales d&#039;Utilisation ou la Politique de Confidentialit\u00e9, doit \u00eatre initi\u00e9e dans un d\u00e9lai maximum de 90 jours. La validit\u00e9 des pr\u00e9sentes Conditions G\u00e9n\u00e9rales d&#039;Utilisation est continue et ind\u00e9finie.<\/p>\n<\/div><!--advertisement--><div class=\"mx-5 sm:mx-0 sm:text-3xl text-2xl font-medium title-font mb-4 text-gray-900 text-left\">\n<h2 class=\"wp-block-heading\"><strong>7.<\/strong> <strong>FORUM L\u00c9GISLATION ET \u00c9LECTION <\/strong><\/h2>\n<\/div><div class=\"mx-5 sm:mx-0 prose leading-relaxed text-lg mb-5 text-left wp-paragraph\">\n<p>7.1. Les pr\u00e9sentes conditions g\u00e9n\u00e9rales d&#039;utilisation, ainsi que la politique de confidentialit\u00e9, sont r\u00e9gies par les lois de la R\u00e9publique f\u00e9d\u00e9rative du Br\u00e9sil.<\/p>\n<\/div><div class=\"mx-5 sm:mx-0 prose leading-relaxed text-lg mb-5 text-left wp-paragraph\">\n<p>7.2. Pour toute question li\u00e9e aux pr\u00e9sentes Conditions et \u00e0 la Politique de confidentialit\u00e9, les parties acceptent et renoncent express\u00e9ment \u00e0 toute autre orientation et se soumettent \u00e0 la Chambre de commerce de Tallinn, en Estonie (la Cour d&#039;arbitrage de la Chambre de commerce et d&#039;industrie estonienne), pour toute question. les doutes ou les questions d\u00e9coulant de ces conditions d\u2019utilisation seront r\u00e9solus.<\/p>\n<\/div><!--advertisement--><div class=\"mx-5 sm:mx-0 sm:text-3xl text-2xl font-medium title-font mb-4 text-gray-900 text-left\">\n<h2 class=\"wp-block-heading\"><strong>8. CONTENU ET PROPRI\u00c9T\u00c9 INTELLECTUELLE<\/strong><\/h2>\n<\/div><div class=\"mx-5 sm:mx-0 prose leading-relaxed text-lg mb-5 text-left wp-paragraph\">\n<p><strong>8.1. <\/strong>Le contenu d\u2019Explora VIP est prot\u00e9g\u00e9 par le droit d\u2019auteur et les droits de propri\u00e9t\u00e9 intellectuelle. Toute reproduction, modification, distribution, exposition ou cr\u00e9ation d&#039;\u0153uvres d\u00e9riv\u00e9es n\u00e9cessite l&#039;autorisation pr\u00e9alable de MINUTO VIP O\u00dc.<\/p>\n<\/div><div class=\"mx-5 sm:mx-0 prose leading-relaxed text-lg mb-5 text-left wp-paragraph\">\n<p><strong>8.2 <\/strong>MINUTO VIP O\u00dc n&#039;assume aucune responsabilit\u00e9 quant aux contenus g\u00e9n\u00e9r\u00e9s par des tiers, tels que les commentaires ou les publications sur les forums ou les r\u00e9seaux sociaux. De m\u00eame, il n&#039;est pas responsable des dommages r\u00e9sultant de l&#039;utilisation du site Internet, qu&#039;ils soient directs, indirects, accessoires ou cons\u00e9cutifs.<\/p>\n<\/div><div class=\"mx-5 sm:mx-0 prose leading-relaxed text-lg mb-5 text-left wp-paragraph\">\n<p><strong>8.3 <\/strong>MINUTO VIP O\u00dc se r\u00e9serve le droit de supprimer les contenus qui violeraient les conditions d&#039;utilisation, notamment ceux consid\u00e9r\u00e9s comme ill\u00e9gaux, offensants, diffamatoires ou portant atteinte aux droits de tiers. Par ailleurs, nous nous r\u00e9servons le droit de r\u00e9silier les comptes des utilisateurs qui ne respecteraient pas les conditions d&#039;utilisation.<\/p>\n<\/div><!--advertisement--><div class=\"mx-5 sm:mx-0 sm:text-3xl text-2xl font-medium title-font mb-4 text-gray-900 text-left\">\n<h2 class=\"wp-block-heading\"><strong>9. MODIFICATIONS DES TERMES ET CONDITIONS <\/strong><\/h2>\n<\/div><div class=\"mx-5 sm:mx-0 prose leading-relaxed text-lg mb-5 text-left wp-paragraph\">\n<p>Nous nous r\u00e9servons le droit de modifier ou de suspendre tout service \u00e0 tout moment, sans pr\u00e9avis aux utilisateurs. Pour consulter la version la plus r\u00e9cente de ces conditions d&#039;utilisation, les utilisateurs peuvent visiter <a style=\" color:;\" href=\"https:\/\/exploravip.com\/fr\/terms\/\">https:\/\/exploravip.com\/terms\/<\/a>. De telles modifications n&#039;imposent aucune obligation \u00e0 Explora VIP<\/p>\n<\/div><div class=\"mx-5 sm:mx-0 prose leading-relaxed text-lg mb-5 text-left wp-paragraph\">\n<p><strong data-sider-select-id=\"e45fc63e-ef3f-4fd4-9c1c-49934ea5a85f\">Lorsque vous utilisez le site Explora VIP, vous acceptez automatiquement les termes et conditions d&#039;utilisation \u00e9tablis ici. Si vous n&#039;\u00eates pas d&#039;accord avec ces conditions, n&#039;utilisez pas le site Web.<\/strong><\/p>\n<\/div><!--advertisement--><div class=\"mx-5 sm:mx-0 sm:text-3xl text-2xl font-medium title-font mb-4 text-gray-900 text-left\">\n<h2 class=\"wp-block-heading\"><strong>10. COORDONN\u00c9ES<\/strong><\/h2>\n<\/div><div class=\"mx-5 sm:mx-0 prose leading-relaxed text-lg mb-5 text-left wp-paragraph\">\n<p>Nous sommes disponibles pour vous aider chaque fois que n\u00e9cessaire. Si vous avez des questions ou des suggestions concernant nos services, n&#039;h\u00e9sitez pas \u00e0 contacter notre \u00e9quipe de service client. Vous pouvez envoyer votre message en utilisant le formulaire disponible sur <a style=\" color:;\" href=\"https:\/\/exploravip.com\/fr\/contact\/\">https:\/\/exploravip.com\/contact\/<\/a>.<\/p>\n<\/div>","protected":false},"excerpt":{"rendered":"<p>Explora Vip Minuto Vip O\u00dc, soci\u00e9t\u00e9 \u00e0 responsabilit\u00e9 limit\u00e9e estonienne (SARL, \u00e9galement connue sous le nom de MINUTO VIP O\u00dc), immatricul\u00e9e sous le num\u00e9ro 16698741 et dont le si\u00e8ge social est situ\u00e9 \u00e0 Tallinn, rue Rotermanni, 14-32, code postal 10111, Harju, Estonie, est le cr\u00e9ateur, le propri\u00e9taire et le responsable de la maintenance du site web Explora VIP, accessible via le domaine exploravip.com. Lorsque nous mentionnons \u00ab\u00a0nous\u00a0\u00bb, \u00ab\u00a0notre\u00a0\u00bb, \u00ab\u00a0nos\u00a0\u00bb ou \u00ab\u00a0nos\u00a0\u00bb, nous entendons les termes \u00ab\u00a0exploratip\u00a0\u00bb. <a class=\"more-link\" href=\"https:\/\/exploravip.com\/fr\/terms\/\">Continuer \u00e0 lire <span class=\"screen-reader-text\">Conditions g\u00e9n\u00e9rales d&#039;utilisation<\/span><\/a><\/p>","protected":false},"author":4,"featured_media":0,"parent":0,"menu_order":0,"comment_status":"closed","ping_status":"closed","template":"","meta":{"footnotes":""},"yoast_head":"<!-- This site is optimized with the Yoast SEO Premium plugin v18.7 (Yoast SEO v19.1) - https:\/\/yoast.com\/wordpress\/plugins\/seo\/ -->\n<title>Termos e Condi\u00e7\u00f5es Gerais de Uso - Explora Vip<\/title>\n<meta name=\"robots\" content=\"index, follow, max-snippet:-1, max-image-preview:large, max-video-preview:-1\" \/>\n<link rel=\"canonical\" href=\"https:\/\/exploravip.com\/fr\/terms\/\" \/>\n<meta property=\"og:locale\" content=\"fr_FR\" \/>\n<meta property=\"og:type\" content=\"article\" \/>\n<meta property=\"og:title\" content=\"Termos e Condi\u00e7\u00f5es Gerais de Uso\" \/>\n<meta property=\"og:description\" content=\"Explora Vip A Minuto Vip O\u00dc, uma empresa de responsabilidade limitada estoniana (LLC, tamb\u00e9m conhecida como MINUTO VIP O\u00dc), registrada sob o n\u00famero 16698741 e sediada em Tallinn, na Rua Rotermanni tn 14-32, CEP 10111, Harju, Est\u00f4nia, \u00e9 a criadora, propriet\u00e1ria e mantenedora do site Explora VIP, acess\u00edvel pelo dom\u00ednio exploravip.com. Ao mencionarmos &#8220;n\u00f3s&#8221;, &#8220;nosso&#8221;&hellip; Continue reading Termos e Condi\u00e7\u00f5es Gerais de Uso\" \/>\n<meta property=\"og:url\" content=\"https:\/\/exploravip.com\/fr\/terms\/\" \/>\n<meta property=\"og:site_name\" content=\"Explora Vip\" \/>\n<meta property=\"article:modified_time\" content=\"2024-05-07T00:26:55+00:00\" \/>\n<meta name=\"twitter:card\" content=\"summary_large_image\" \/>\n<meta name=\"twitter:label1\" content=\"Est. reading time\" \/>\n\t<meta name=\"twitter:data1\" content=\"8 minutes\" \/>\n<script type=\"application\/ld+json\" class=\"yoast-schema-graph\">{\"@context\":\"https:\/\/schema.org\",\"@graph\":[{\"@type\":\"WebSite\",\"@id\":\"https:\/\/exploravip.com\/#website\",\"url\":\"https:\/\/exploravip.com\/\",\"name\":\"Explora Vip\",\"description\":\"\",\"potentialAction\":[{\"@type\":\"SearchAction\",\"target\":{\"@type\":\"EntryPoint\",\"urlTemplate\":\"https:\/\/exploravip.com\/?s={search_term_string}\"},\"query-input\":\"required name=search_term_string\"}],\"inLanguage\":\"fr-FR\"},{\"@type\":\"WebPage\",\"@id\":\"https:\/\/exploravip.com\/terms\/#webpage\",\"url\":\"https:\/\/exploravip.com\/terms\/\",\"name\":\"Termos e Condi\u00e7\u00f5es Gerais de Uso - Explora Vip\",\"isPartOf\":{\"@id\":\"https:\/\/exploravip.com\/#website\"},\"datePublished\":\"2024-03-01T18:40:18+00:00\",\"dateModified\":\"2024-05-07T00:26:55+00:00\",\"breadcrumb\":{\"@id\":\"https:\/\/exploravip.com\/terms\/#breadcrumb\"},\"inLanguage\":\"fr-FR\",\"potentialAction\":[{\"@type\":\"ReadAction\",\"target\":[\"https:\/\/exploravip.com\/terms\/\"]}]},{\"@type\":\"BreadcrumbList\",\"@id\":\"https:\/\/exploravip.com\/terms\/#breadcrumb\",\"itemListElement\":[{\"@type\":\"ListItem\",\"position\":1,\"name\":\"Home\",\"item\":\"https:\/\/exploravip.com\/\"},{\"@type\":\"ListItem\",\"position\":2,\"name\":\"Termos e Condi\u00e7\u00f5es Gerais de Uso\"}]}]}<\/script>\n<!-- \/ Yoast SEO Premium plugin. -->","yoast_head_json":{"title":"Termos e Condi\u00e7\u00f5es Gerais de Uso - Explora Vip","robots":{"index":"index","follow":"follow","max-snippet":"max-snippet:-1","max-image-preview":"max-image-preview:large","max-video-preview":"max-video-preview:-1"},"canonical":"https:\/\/exploravip.com\/fr\/terms\/","og_locale":"fr_FR","og_type":"article","og_title":"Termos e Condi\u00e7\u00f5es Gerais de Uso","og_description":"Explora Vip A Minuto Vip O\u00dc, uma empresa de responsabilidade limitada estoniana (LLC, tamb\u00e9m conhecida como MINUTO VIP O\u00dc), registrada sob o n\u00famero 16698741 e sediada em Tallinn, na Rua Rotermanni tn 14-32, CEP 10111, Harju, Est\u00f4nia, \u00e9 a criadora, propriet\u00e1ria e mantenedora do site Explora VIP, acess\u00edvel pelo dom\u00ednio exploravip.com. Ao mencionarmos &#8220;n\u00f3s&#8221;, &#8220;nosso&#8221;&hellip; Continue reading Termos e Condi\u00e7\u00f5es Gerais de Uso","og_url":"https:\/\/exploravip.com\/fr\/terms\/","og_site_name":"Explora Vip","article_modified_time":"2024-05-07T00:26:55+00:00","twitter_card":"summary_large_image","twitter_misc":{"Est. reading time":"8 minutes"},"schema":{"@context":"https:\/\/schema.org","@graph":[{"@type":"WebSite","@id":"https:\/\/exploravip.com\/#website","url":"https:\/\/exploravip.com\/","name":"Explora Vip","description":"","potentialAction":[{"@type":"SearchAction","target":{"@type":"EntryPoint","urlTemplate":"https:\/\/exploravip.com\/?s={search_term_string}"},"query-input":"required name=search_term_string"}],"inLanguage":"fr-FR"},{"@type":"WebPage","@id":"https:\/\/exploravip.com\/terms\/#webpage","url":"https:\/\/exploravip.com\/terms\/","name":"Termos e Condi\u00e7\u00f5es Gerais de Uso - Explora Vip","isPartOf":{"@id":"https:\/\/exploravip.com\/#website"},"datePublished":"2024-03-01T18:40:18+00:00","dateModified":"2024-05-07T00:26:55+00:00","breadcrumb":{"@id":"https:\/\/exploravip.com\/terms\/#breadcrumb"},"inLanguage":"fr-FR","potentialAction":[{"@type":"ReadAction","target":["https:\/\/exploravip.com\/terms\/"]}]},{"@type":"BreadcrumbList","@id":"https:\/\/exploravip.com\/terms\/#breadcrumb","itemListElement":[{"@type":"ListItem","position":1,"name":"Home","item":"https:\/\/exploravip.com\/"},{"@type":"ListItem","position":2,"name":"Termos e Condi\u00e7\u00f5es Gerais de Uso"}]}]}},"_links":{"self":[{"href":"https:\/\/exploravip.com\/fr\/wp-json\/wp\/v2\/pages\/240"}],"collection":[{"href":"https:\/\/exploravip.com\/fr\/wp-json\/wp\/v2\/pages"}],"about":[{"href":"https:\/\/exploravip.com\/fr\/wp-json\/wp\/v2\/types\/page"}],"author":[{"embeddable":true,"href":"https:\/\/exploravip.com\/fr\/wp-json\/wp\/v2\/users\/4"}],"replies":[{"embeddable":true,"href":"https:\/\/exploravip.com\/fr\/wp-json\/wp\/v2\/comments?post=240"}],"version-history":[{"count":0,"href":"https:\/\/exploravip.com\/fr\/wp-json\/wp\/v2\/pages\/240\/revisions"}],"wp:attachment":[{"href":"https:\/\/exploravip.com\/fr\/wp-json\/wp\/v2\/media?parent=240"}],"curies":[{"name":"wp","href":"https:\/\/api.w.org\/{rel}","templated":true}]}}