{"id":243,"date":"2024-03-01T18:46:49","date_gmt":"2024-03-01T18:46:49","guid":{"rendered":"https:\/\/exploravip.com\/?page_id=243"},"modified":"2025-08-18T14:38:58","modified_gmt":"2025-08-18T14:38:58","slug":"about","status":"publish","type":"page","link":"https:\/\/exploravip.com\/es\/about\/","title":{"rendered":"Acerca de"},"content":{"rendered":"<!--advertisement--><div class=\"mx-5 sm:mx-0 sm:text-3xl text-2xl font-medium title-font mb-4 text-gray-900 text-left\">\n<h2 class=\"wp-block-heading\" id=\"h-o-que-voce-quer-aprender-hoje\"><strong>\u00bfQu\u00e9 quieres aprender hoy?<\/strong><\/h2>\n<\/div><div class=\"mx-5 sm:mx-0 prose leading-relaxed text-lg mb-5 text-left wp-paragraph\">\n<p>En Explora Vip buscamos ofrecer entretenimiento, noticias, informaci\u00f3n y aplicaciones de todo el mundo, brindando consejos sobre todo lo que sucede en este m\u00e1gico universo de ocio y diversi\u00f3n. Creemos firmemente que la mejora continua, combinada con determinaci\u00f3n y perseverancia, son los secretos del \u00e9xito y de una vida con sentido. Aqu\u00ed rechazamos la idea de \u201csuerte\u201d. Adem\u00e1s, reconocemos la importancia de las aplicaciones en diferentes nichos, ya sea para relaciones, salud, entretenimiento y mucho m\u00e1s. Nuestra misi\u00f3n es mantenerte actualizado no s\u00f3lo sobre el mundo de los deportes, sino tambi\u00e9n sobre las \u00faltimas noticias y tendencias en aplicaciones que hacen la vida m\u00e1s f\u00e1cil, m\u00e1s divertida y m\u00e1s significativa.<\/p>\n<\/div><!--advertisement--><div class=\"mx-5 sm:mx-0 sm:text-3xl text-2xl font-medium title-font mb-4 text-gray-900 text-left\">\n<h2 class=\"wp-block-heading\" id=\"h-quem-somos\"><strong>\u00bfQuienes somos?<\/strong><\/h2>\n<\/div><div class=\"mx-5 sm:mx-0 prose leading-relaxed text-lg mb-5 text-left wp-paragraph\">\n<p>Minuto Vip es una empresa de contenidos y periodismo, con sedes en Brasil y Estonia. Nuestra misi\u00f3n es ofrecer constantemente el mejor contenido general, sin importar d\u00f3nde se encuentre. Por eso, queremos ser tu socio en la b\u00fasqueda de tu entretenimiento.<br><br><strong>Diferencial<br><\/strong><br>Jackson Barbosa, Jefe de Operaciones de Correo Electr\u00f3nico, es responsable de toda la estrategia y ejecuci\u00f3n que conecta a nuestra empresa con nuestros usuarios, asegurando que cada mensaje enviado represente un valor real, ya sea para informar, involucrar o retener a nuestra audiencia.<\/p>\n<\/div><!--advertisement--><div class=\"mx-5 sm:mx-0 sm:text-3xl text-2xl font-medium title-font mb-4 text-gray-900 text-left\">\n<h2 class=\"wp-block-heading\" id=\"h-nos-ajude-a-melhorar\"><strong>Ay\u00fadanos a mejorar<\/strong><\/h2>\n<\/div><div class=\"mx-5 sm:mx-0 prose leading-relaxed text-lg mb-5 text-left wp-paragraph\">\n<p>Tus ideas son muy bienvenidas. <a style=\" color:;\" href=\"https:\/\/exploravip.com\/es\/contact\/\">Mandanos un mensaje<\/a>!<\/p>\n<\/div>","protected":false},"excerpt":{"rendered":"<p>\u00bfQu\u00e9 quieres aprender hoy? En Explora Vip buscamos ofrecer entretenimiento, noticias, informaci\u00f3n y aplicaciones de todo el mundo, brindando consejos sobre todo lo que sucede en este m\u00e1gico universo de ocio y diversi\u00f3n. Creemos firmemente que la mejora continua, combinada con determinaci\u00f3n y perseverancia, son los secretos del \u00e9xito y de una vida con sentido.\u2026 <a class=\"more-link\" href=\"https:\/\/exploravip.com\/es\/about\/\">sigue leyendo <span class=\"screen-reader-text\">Acerca de<\/span><\/a><\/p>","protected":false},"author":4,"featured_media":0,"parent":0,"menu_order":0,"comment_status":"closed","ping_status":"closed","template":"","meta":{"footnotes":""},"yoast_head":"<!-- This site is optimized with the Yoast SEO Premium plugin v18.7 (Yoast SEO v19.1) - https:\/\/yoast.com\/wordpress\/plugins\/seo\/ -->\n<title>Sobre - Explora Vip<\/title>\n<meta name=\"robots\" content=\"index, follow, max-snippet:-1, max-image-preview:large, max-video-preview:-1\" \/>\n<link rel=\"canonical\" href=\"https:\/\/exploravip.com\/es\/about\/\" \/>\n<meta property=\"og:locale\" content=\"es_MX\" \/>\n<meta property=\"og:type\" content=\"article\" \/>\n<meta property=\"og:title\" content=\"Sobre\" \/>\n<meta property=\"og:description\" content=\"O que voc\u00ea quer aprender hoje? Na Explora Vip, buscamos oferecer entretenimento, not\u00edcias, informa\u00e7\u00f5es e aplicativos do mundo, proporcionando dicas sobre tudo que acontece nesse universo m\u00e1gico de lazer e divers\u00e3o. Acreditamos firmemente que a melhoria cont\u00ednua, combinada com a determina\u00e7\u00e3o e a persist\u00eancia, s\u00e3o os segredos do sucesso e de uma vida com significado.&hellip; Continue reading Sobre\" \/>\n<meta property=\"og:url\" content=\"https:\/\/exploravip.com\/es\/about\/\" \/>\n<meta property=\"og:site_name\" content=\"Explora Vip\" \/>\n<meta property=\"article:modified_time\" content=\"2025-08-18T14:38:58+00:00\" \/>\n<meta name=\"twitter:card\" content=\"summary_large_image\" \/>\n<meta name=\"twitter:label1\" content=\"Est. reading time\" \/>\n\t<meta name=\"twitter:data1\" content=\"1 minuto\" \/>\n<script type=\"application\/ld+json\" class=\"yoast-schema-graph\">{\"@context\":\"https:\/\/schema.org\",\"@graph\":[{\"@type\":\"WebSite\",\"@id\":\"https:\/\/exploravip.com\/#website\",\"url\":\"https:\/\/exploravip.com\/\",\"name\":\"Explora Vip\",\"description\":\"\",\"potentialAction\":[{\"@type\":\"SearchAction\",\"target\":{\"@type\":\"EntryPoint\",\"urlTemplate\":\"https:\/\/exploravip.com\/?s={search_term_string}\"},\"query-input\":\"required name=search_term_string\"}],\"inLanguage\":\"es-MX\"},{\"@type\":\"WebPage\",\"@id\":\"https:\/\/exploravip.com\/about\/#webpage\",\"url\":\"https:\/\/exploravip.com\/about\/\",\"name\":\"Sobre - Explora Vip\",\"isPartOf\":{\"@id\":\"https:\/\/exploravip.com\/#website\"},\"datePublished\":\"2024-03-01T18:46:49+00:00\",\"dateModified\":\"2025-08-18T14:38:58+00:00\",\"breadcrumb\":{\"@id\":\"https:\/\/exploravip.com\/about\/#breadcrumb\"},\"inLanguage\":\"es-MX\",\"potentialAction\":[{\"@type\":\"ReadAction\",\"target\":[\"https:\/\/exploravip.com\/about\/\"]}]},{\"@type\":\"BreadcrumbList\",\"@id\":\"https:\/\/exploravip.com\/about\/#breadcrumb\",\"itemListElement\":[{\"@type\":\"ListItem\",\"position\":1,\"name\":\"Home\",\"item\":\"https:\/\/exploravip.com\/\"},{\"@type\":\"ListItem\",\"position\":2,\"name\":\"Sobre\"}]}]}<\/script>\n<!-- \/ Yoast SEO Premium plugin. -->","yoast_head_json":{"title":"Sobre - Explora Vip","robots":{"index":"index","follow":"follow","max-snippet":"max-snippet:-1","max-image-preview":"max-image-preview:large","max-video-preview":"max-video-preview:-1"},"canonical":"https:\/\/exploravip.com\/es\/about\/","og_locale":"es_MX","og_type":"article","og_title":"Sobre","og_description":"O que voc\u00ea quer aprender hoje? Na Explora Vip, buscamos oferecer entretenimento, not\u00edcias, informa\u00e7\u00f5es e aplicativos do mundo, proporcionando dicas sobre tudo que acontece nesse universo m\u00e1gico de lazer e divers\u00e3o. Acreditamos firmemente que a melhoria cont\u00ednua, combinada com a determina\u00e7\u00e3o e a persist\u00eancia, s\u00e3o os segredos do sucesso e de uma vida com significado.&hellip; Continue reading Sobre","og_url":"https:\/\/exploravip.com\/es\/about\/","og_site_name":"Explora Vip","article_modified_time":"2025-08-18T14:38:58+00:00","twitter_card":"summary_large_image","twitter_misc":{"Est. reading time":"1 minuto"},"schema":{"@context":"https:\/\/schema.org","@graph":[{"@type":"WebSite","@id":"https:\/\/exploravip.com\/#website","url":"https:\/\/exploravip.com\/","name":"Explora Vip","description":"","potentialAction":[{"@type":"SearchAction","target":{"@type":"EntryPoint","urlTemplate":"https:\/\/exploravip.com\/?s={search_term_string}"},"query-input":"required name=search_term_string"}],"inLanguage":"es-MX"},{"@type":"WebPage","@id":"https:\/\/exploravip.com\/about\/#webpage","url":"https:\/\/exploravip.com\/about\/","name":"Sobre - Explora Vip","isPartOf":{"@id":"https:\/\/exploravip.com\/#website"},"datePublished":"2024-03-01T18:46:49+00:00","dateModified":"2025-08-18T14:38:58+00:00","breadcrumb":{"@id":"https:\/\/exploravip.com\/about\/#breadcrumb"},"inLanguage":"es-MX","potentialAction":[{"@type":"ReadAction","target":["https:\/\/exploravip.com\/about\/"]}]},{"@type":"BreadcrumbList","@id":"https:\/\/exploravip.com\/about\/#breadcrumb","itemListElement":[{"@type":"ListItem","position":1,"name":"Home","item":"https:\/\/exploravip.com\/"},{"@type":"ListItem","position":2,"name":"Sobre"}]}]}},"_links":{"self":[{"href":"https:\/\/exploravip.com\/es\/wp-json\/wp\/v2\/pages\/243"}],"collection":[{"href":"https:\/\/exploravip.com\/es\/wp-json\/wp\/v2\/pages"}],"about":[{"href":"https:\/\/exploravip.com\/es\/wp-json\/wp\/v2\/types\/page"}],"author":[{"embeddable":true,"href":"https:\/\/exploravip.com\/es\/wp-json\/wp\/v2\/users\/4"}],"replies":[{"embeddable":true,"href":"https:\/\/exploravip.com\/es\/wp-json\/wp\/v2\/comments?post=243"}],"version-history":[{"count":0,"href":"https:\/\/exploravip.com\/es\/wp-json\/wp\/v2\/pages\/243\/revisions"}],"wp:attachment":[{"href":"https:\/\/exploravip.com\/es\/wp-json\/wp\/v2\/media?parent=243"}],"curies":[{"name":"wp","href":"https:\/\/api.w.org\/{rel}","templated":true}]}}